{"id":100,"date":"2024-11-27T19:22:11","date_gmt":"2024-11-27T19:22:11","guid":{"rendered":"https:\/\/byggemandblohm.dk\/?page_id=100"},"modified":"2025-05-28T08:13:25","modified_gmt":"2025-05-28T07:13:25","slug":"belaegning","status":"publish","type":"page","link":"https:\/\/byggemandblohm.dk\/index.php\/belaegning\/","title":{"rendered":"Bel\u00e6gning"},"content":{"rendered":"\n<div class=\"wp-block-columns is-layout-flex wp-container-core-columns-is-layout-9d6595d7 wp-block-columns-is-layout-flex\">\n<div class=\"wp-block-column is-layout-flow wp-block-column-is-layout-flow\">\n<figure class=\"wp-block-image size-large\"><img loading=\"lazy\" decoding=\"async\" width=\"1024\" height=\"768\" src=\"https:\/\/byggemandblohm.dk\/wp-content\/uploads\/2024\/11\/IMG_3152-1024x768.jpeg\" alt=\"\" class=\"wp-image-157\" srcset=\"https:\/\/byggemandblohm.dk\/wp-content\/uploads\/2024\/11\/IMG_3152-1024x768.jpeg 1024w, https:\/\/byggemandblohm.dk\/wp-content\/uploads\/2024\/11\/IMG_3152-300x225.jpeg 300w, https:\/\/byggemandblohm.dk\/wp-content\/uploads\/2024\/11\/IMG_3152-768x576.jpeg 768w, https:\/\/byggemandblohm.dk\/wp-content\/uploads\/2024\/11\/IMG_3152-1536x1152.jpeg 1536w, https:\/\/byggemandblohm.dk\/wp-content\/uploads\/2024\/11\/IMG_3152.jpeg 2048w\" sizes=\"auto, (max-width: 1024px) 100vw, 1024px\" \/><\/figure>\n<\/div>\n\n\n\n<div class=\"wp-block-column is-layout-flow wp-block-column-is-layout-flow\">\n<p><\/p>\n\n\n\n<p>N\u00e5r vi l\u00e6gger fliser afstemmer vi n\u00f8je forventningerne med husejeren. <\/p>\n\n\n\n<p>Vi g\u00e5r ogs\u00e5 den ekstra mil og l\u00e6gger en lille betonkant ned langs alle kanter mod gr\u00e6spl\u00e6ne eller bede. Det sikrer, at fliserne ligger fast i mange \u00e5r fremover.<\/p>\n\n\n\n<p>Du er velkommen til at kontakte os for at f\u00e5 et tilbud p\u00e5 hvad netop dit projekt skal koste.<\/p>\n\n\n\n<p>Nedenfor kan du se billeder fra forskellige projekter.<\/p>\n<\/div>\n<\/div>\n\n\n\n<div class=\"wp-block-columns is-layout-flex wp-container-core-columns-is-layout-9d6595d7 wp-block-columns-is-layout-flex\">\n<div class=\"wp-block-column is-layout-flow wp-block-column-is-layout-flow\"><\/div>\n\n\n\n<div class=\"wp-block-column is-layout-flow wp-block-column-is-layout-flow\"><\/div>\n<\/div>\n\n\n\n<div class=\"wp-block-columns is-layout-flex wp-container-core-columns-is-layout-9d6595d7 wp-block-columns-is-layout-flex\">\n<div class=\"wp-block-column is-layout-flow wp-block-column-is-layout-flow\">\n<figure class=\"wp-block-image size-large\"><img loading=\"lazy\" decoding=\"async\" width=\"1024\" height=\"768\" src=\"https:\/\/byggemandblohm.dk\/wp-content\/uploads\/2024\/11\/20170712_210514-1024x768.jpg\" alt=\"\" class=\"wp-image-150\" srcset=\"https:\/\/byggemandblohm.dk\/wp-content\/uploads\/2024\/11\/20170712_210514-1024x768.jpg 1024w, https:\/\/byggemandblohm.dk\/wp-content\/uploads\/2024\/11\/20170712_210514-300x225.jpg 300w, https:\/\/byggemandblohm.dk\/wp-content\/uploads\/2024\/11\/20170712_210514-768x576.jpg 768w, https:\/\/byggemandblohm.dk\/wp-content\/uploads\/2024\/11\/20170712_210514-1536x1152.jpg 1536w, https:\/\/byggemandblohm.dk\/wp-content\/uploads\/2024\/11\/20170712_210514-2048x1536.jpg 2048w\" sizes=\"auto, (max-width: 1024px) 100vw, 1024px\" \/><\/figure>\n<\/div>\n\n\n\n<div class=\"wp-block-column is-layout-flow wp-block-column-is-layout-flow\">\n<figure class=\"wp-block-image size-large\"><img loading=\"lazy\" decoding=\"async\" width=\"1024\" height=\"768\" src=\"https:\/\/byggemandblohm.dk\/wp-content\/uploads\/2024\/11\/IMG_3039-1024x768.jpeg\" alt=\"\" class=\"wp-image-155\" srcset=\"https:\/\/byggemandblohm.dk\/wp-content\/uploads\/2024\/11\/IMG_3039-1024x768.jpeg 1024w, https:\/\/byggemandblohm.dk\/wp-content\/uploads\/2024\/11\/IMG_3039-300x225.jpeg 300w, https:\/\/byggemandblohm.dk\/wp-content\/uploads\/2024\/11\/IMG_3039-768x576.jpeg 768w, https:\/\/byggemandblohm.dk\/wp-content\/uploads\/2024\/11\/IMG_3039-1536x1152.jpeg 1536w, https:\/\/byggemandblohm.dk\/wp-content\/uploads\/2024\/11\/IMG_3039.jpeg 2048w\" sizes=\"auto, (max-width: 1024px) 100vw, 1024px\" \/><\/figure>\n<\/div>\n<\/div>\n\n\n\n<div class=\"wp-block-columns is-layout-flex wp-container-core-columns-is-layout-9d6595d7 wp-block-columns-is-layout-flex\">\n<div class=\"wp-block-column is-layout-flow wp-block-column-is-layout-flow\"><\/div>\n\n\n\n<div class=\"wp-block-column is-layout-flow wp-block-column-is-layout-flow\"><\/div>\n<\/div>\n\n\n\n<div class=\"wp-block-columns is-layout-flex wp-container-core-columns-is-layout-9d6595d7 wp-block-columns-is-layout-flex\">\n<div class=\"wp-block-column is-layout-flow wp-block-column-is-layout-flow\">\n<figure class=\"wp-block-image size-large\"><img loading=\"lazy\" decoding=\"async\" width=\"1024\" height=\"768\" src=\"https:\/\/byggemandblohm.dk\/wp-content\/uploads\/2024\/11\/20170403_173415-1024x768.jpg\" alt=\"\" class=\"wp-image-141\" srcset=\"https:\/\/byggemandblohm.dk\/wp-content\/uploads\/2024\/11\/20170403_173415-1024x768.jpg 1024w, https:\/\/byggemandblohm.dk\/wp-content\/uploads\/2024\/11\/20170403_173415-300x225.jpg 300w, https:\/\/byggemandblohm.dk\/wp-content\/uploads\/2024\/11\/20170403_173415-768x576.jpg 768w, https:\/\/byggemandblohm.dk\/wp-content\/uploads\/2024\/11\/20170403_173415-1536x1152.jpg 1536w, https:\/\/byggemandblohm.dk\/wp-content\/uploads\/2024\/11\/20170403_173415-2048x1536.jpg 2048w\" sizes=\"auto, (max-width: 1024px) 100vw, 1024px\" \/><\/figure>\n<\/div>\n\n\n\n<div class=\"wp-block-column is-layout-flow wp-block-column-is-layout-flow\">\n<figure class=\"wp-block-image size-large\"><img loading=\"lazy\" decoding=\"async\" width=\"1024\" height=\"768\" src=\"https:\/\/byggemandblohm.dk\/wp-content\/uploads\/2024\/11\/fliser-1024x768.jpg\" alt=\"\" class=\"wp-image-184\" srcset=\"https:\/\/byggemandblohm.dk\/wp-content\/uploads\/2024\/11\/fliser-1024x768.jpg 1024w, https:\/\/byggemandblohm.dk\/wp-content\/uploads\/2024\/11\/fliser-300x225.jpg 300w, https:\/\/byggemandblohm.dk\/wp-content\/uploads\/2024\/11\/fliser-768x576.jpg 768w, https:\/\/byggemandblohm.dk\/wp-content\/uploads\/2024\/11\/fliser-1536x1152.jpg 1536w, https:\/\/byggemandblohm.dk\/wp-content\/uploads\/2024\/11\/fliser-2048x1536.jpg 2048w\" sizes=\"auto, (max-width: 1024px) 100vw, 1024px\" \/><\/figure>\n<\/div>\n<\/div>\n","protected":false},"excerpt":{"rendered":"<p>N\u00e5r vi l\u00e6gger fliser afstemmer vi n\u00f8je forventningerne med husejeren. Vi g\u00e5r ogs\u00e5 den ekstra mil og l\u00e6gger en lille betonkant ned langs alle kanter&hellip;<\/p>\n","protected":false},"author":1,"featured_media":0,"parent":0,"menu_order":0,"comment_status":"closed","ping_status":"closed","template":"","meta":{"footnotes":""},"class_list":["post-100","page","type-page","status-publish","hentry"],"yoast_head":"<!-- This site is optimized with the Yoast SEO plugin v27.6 - https:\/\/yoast.com\/product\/yoast-seo-wordpress\/ -->\n<title>Bel\u00e6gning - Byggemand Blohm<\/title>\n<meta name=\"description\" content=\"Har du brug for en handymand, der kan fixe det meste, s\u00e5 ring til mig. Ingen opgave er for lille og skal du have nyt tag, vinduer eller badev\u00e6relse, kan det ogs\u00e5 lade sig g\u00f8re. Tr\u00e6nger haven til en k\u00e6rlig h\u00e5nd eller skal tr\u00e6er og buske besk\u00e6res eller gr\u00e6sset sl\u00e5s, ringer du til mig.\" \/>\n<meta name=\"robots\" content=\"index, follow, max-snippet:-1, max-image-preview:large, max-video-preview:-1\" \/>\n<link rel=\"canonical\" href=\"https:\/\/byggemandblohm.dk\/index.php\/belaegning\/\" \/>\n<meta property=\"og:locale\" content=\"da_DK\" \/>\n<meta property=\"og:type\" content=\"article\" \/>\n<meta property=\"og:title\" content=\"Bel\u00e6gning - Byggemand Blohm\" \/>\n<meta property=\"og:description\" content=\"Har du brug for en handymand, der kan fixe det meste, s\u00e5 ring til mig. Ingen opgave er for lille og skal du have nyt tag, vinduer eller badev\u00e6relse, kan det ogs\u00e5 lade sig g\u00f8re. Tr\u00e6nger haven til en k\u00e6rlig h\u00e5nd eller skal tr\u00e6er og buske besk\u00e6res eller gr\u00e6sset sl\u00e5s, ringer du til mig.\" \/>\n<meta property=\"og:url\" content=\"https:\/\/byggemandblohm.dk\/index.php\/belaegning\/\" \/>\n<meta property=\"og:site_name\" content=\"Byggemand Blohm\" \/>\n<meta property=\"article:publisher\" content=\"https:\/\/www.facebook.com\/profile.php?id=61574004981826\" \/>\n<meta property=\"article:modified_time\" content=\"2025-05-28T07:13:25+00:00\" \/>\n<meta property=\"og:image\" content=\"https:\/\/byggemandblohm.dk\/wp-content\/uploads\/2024\/11\/IMG_3152.jpeg\" \/>\n\t<meta property=\"og:image:width\" content=\"2048\" \/>\n\t<meta property=\"og:image:height\" content=\"1536\" \/>\n\t<meta property=\"og:image:type\" content=\"image\/jpeg\" \/>\n<meta name=\"twitter:card\" content=\"summary_large_image\" \/>\n<meta name=\"twitter:label1\" content=\"Estimeret l\u00e6setid\" \/>\n\t<meta name=\"twitter:data1\" content=\"2 minutter\" \/>\n<script type=\"application\/ld+json\" class=\"yoast-schema-graph\">{\"@context\":\"https:\\\/\\\/schema.org\",\"@graph\":[{\"@type\":\"WebPage\",\"@id\":\"https:\\\/\\\/byggemandblohm.dk\\\/index.php\\\/belaegning\\\/\",\"url\":\"https:\\\/\\\/byggemandblohm.dk\\\/index.php\\\/belaegning\\\/\",\"name\":\"Bel\u00e6gning - Byggemand Blohm\",\"isPartOf\":{\"@id\":\"https:\\\/\\\/byggemandblohm.dk\\\/#website\"},\"primaryImageOfPage\":{\"@id\":\"https:\\\/\\\/byggemandblohm.dk\\\/index.php\\\/belaegning\\\/#primaryimage\"},\"image\":{\"@id\":\"https:\\\/\\\/byggemandblohm.dk\\\/index.php\\\/belaegning\\\/#primaryimage\"},\"thumbnailUrl\":\"https:\\\/\\\/byggemandblohm.dk\\\/wp-content\\\/uploads\\\/2024\\\/11\\\/IMG_3152-1024x768.jpeg\",\"datePublished\":\"2024-11-27T19:22:11+00:00\",\"dateModified\":\"2025-05-28T07:13:25+00:00\",\"description\":\"Har du brug for en handymand, der kan fixe det meste, s\u00e5 ring til mig. Ingen opgave er for lille og skal du have nyt tag, vinduer eller badev\u00e6relse, kan det ogs\u00e5 lade sig g\u00f8re. Tr\u00e6nger haven til en k\u00e6rlig h\u00e5nd eller skal tr\u00e6er og buske besk\u00e6res eller gr\u00e6sset sl\u00e5s, ringer du til mig.\",\"breadcrumb\":{\"@id\":\"https:\\\/\\\/byggemandblohm.dk\\\/index.php\\\/belaegning\\\/#breadcrumb\"},\"inLanguage\":\"da-DK\",\"potentialAction\":[{\"@type\":\"ReadAction\",\"target\":[\"https:\\\/\\\/byggemandblohm.dk\\\/index.php\\\/belaegning\\\/\"]}]},{\"@type\":\"ImageObject\",\"inLanguage\":\"da-DK\",\"@id\":\"https:\\\/\\\/byggemandblohm.dk\\\/index.php\\\/belaegning\\\/#primaryimage\",\"url\":\"https:\\\/\\\/byggemandblohm.dk\\\/wp-content\\\/uploads\\\/2024\\\/11\\\/IMG_3152.jpeg\",\"contentUrl\":\"https:\\\/\\\/byggemandblohm.dk\\\/wp-content\\\/uploads\\\/2024\\\/11\\\/IMG_3152.jpeg\",\"width\":2048,\"height\":1536,\"caption\":\"Vi sk\u00e6rer altid vores fliser. Det bliver det mest pr\u00e6cist af\"},{\"@type\":\"BreadcrumbList\",\"@id\":\"https:\\\/\\\/byggemandblohm.dk\\\/index.php\\\/belaegning\\\/#breadcrumb\",\"itemListElement\":[{\"@type\":\"ListItem\",\"position\":1,\"name\":\"Hjem\",\"item\":\"https:\\\/\\\/byggemandblohm.dk\\\/\"},{\"@type\":\"ListItem\",\"position\":2,\"name\":\"Bel\u00e6gning\"}]},{\"@type\":\"WebSite\",\"@id\":\"https:\\\/\\\/byggemandblohm.dk\\\/#website\",\"url\":\"https:\\\/\\\/byggemandblohm.dk\\\/\",\"name\":\"Byggemand Blohm\",\"description\":\"Vi er hurtige, effektive og holder aftaler \u2013 ring allerede i dag p\u00e5 tlf. 2015 6124\",\"publisher\":{\"@id\":\"https:\\\/\\\/byggemandblohm.dk\\\/#organization\"},\"alternateName\":\"Handyman i Brabrand\",\"potentialAction\":[{\"@type\":\"SearchAction\",\"target\":{\"@type\":\"EntryPoint\",\"urlTemplate\":\"https:\\\/\\\/byggemandblohm.dk\\\/?s={search_term_string}\"},\"query-input\":{\"@type\":\"PropertyValueSpecification\",\"valueRequired\":true,\"valueName\":\"search_term_string\"}}],\"inLanguage\":\"da-DK\"},{\"@type\":\"Organization\",\"@id\":\"https:\\\/\\\/byggemandblohm.dk\\\/#organization\",\"name\":\"Byggemand Blohm\",\"alternateName\":\"Handyman i Brabrand\",\"url\":\"https:\\\/\\\/byggemandblohm.dk\\\/\",\"logo\":{\"@type\":\"ImageObject\",\"inLanguage\":\"da-DK\",\"@id\":\"https:\\\/\\\/byggemandblohm.dk\\\/#\\\/schema\\\/logo\\\/image\\\/\",\"url\":\"https:\\\/\\\/byggemandblohm.dk\\\/wp-content\\\/uploads\\\/2024\\\/12\\\/cropped-Logo-ver-10-short-1.png\",\"contentUrl\":\"https:\\\/\\\/byggemandblohm.dk\\\/wp-content\\\/uploads\\\/2024\\\/12\\\/cropped-Logo-ver-10-short-1.png\",\"width\":205,\"height\":205,\"caption\":\"Byggemand Blohm\"},\"image\":{\"@id\":\"https:\\\/\\\/byggemandblohm.dk\\\/#\\\/schema\\\/logo\\\/image\\\/\"},\"sameAs\":[\"https:\\\/\\\/www.facebook.com\\\/profile.php?id=61574004981826\"]}]}<\/script>\n<!-- \/ Yoast SEO plugin. -->","yoast_head_json":{"title":"Bel\u00e6gning - Byggemand Blohm","description":"Har du brug for en handymand, der kan fixe det meste, s\u00e5 ring til mig. Ingen opgave er for lille og skal du have nyt tag, vinduer eller badev\u00e6relse, kan det ogs\u00e5 lade sig g\u00f8re. Tr\u00e6nger haven til en k\u00e6rlig h\u00e5nd eller skal tr\u00e6er og buske besk\u00e6res eller gr\u00e6sset sl\u00e5s, ringer du til mig.","robots":{"index":"index","follow":"follow","max-snippet":"max-snippet:-1","max-image-preview":"max-image-preview:large","max-video-preview":"max-video-preview:-1"},"canonical":"https:\/\/byggemandblohm.dk\/index.php\/belaegning\/","og_locale":"da_DK","og_type":"article","og_title":"Bel\u00e6gning - Byggemand Blohm","og_description":"Har du brug for en handymand, der kan fixe det meste, s\u00e5 ring til mig. Ingen opgave er for lille og skal du have nyt tag, vinduer eller badev\u00e6relse, kan det ogs\u00e5 lade sig g\u00f8re. Tr\u00e6nger haven til en k\u00e6rlig h\u00e5nd eller skal tr\u00e6er og buske besk\u00e6res eller gr\u00e6sset sl\u00e5s, ringer du til mig.","og_url":"https:\/\/byggemandblohm.dk\/index.php\/belaegning\/","og_site_name":"Byggemand Blohm","article_publisher":"https:\/\/www.facebook.com\/profile.php?id=61574004981826","article_modified_time":"2025-05-28T07:13:25+00:00","og_image":[{"width":2048,"height":1536,"url":"https:\/\/byggemandblohm.dk\/wp-content\/uploads\/2024\/11\/IMG_3152.jpeg","type":"image\/jpeg"}],"twitter_card":"summary_large_image","twitter_misc":{"Estimeret l\u00e6setid":"2 minutter"},"schema":{"@context":"https:\/\/schema.org","@graph":[{"@type":"WebPage","@id":"https:\/\/byggemandblohm.dk\/index.php\/belaegning\/","url":"https:\/\/byggemandblohm.dk\/index.php\/belaegning\/","name":"Bel\u00e6gning - Byggemand Blohm","isPartOf":{"@id":"https:\/\/byggemandblohm.dk\/#website"},"primaryImageOfPage":{"@id":"https:\/\/byggemandblohm.dk\/index.php\/belaegning\/#primaryimage"},"image":{"@id":"https:\/\/byggemandblohm.dk\/index.php\/belaegning\/#primaryimage"},"thumbnailUrl":"https:\/\/byggemandblohm.dk\/wp-content\/uploads\/2024\/11\/IMG_3152-1024x768.jpeg","datePublished":"2024-11-27T19:22:11+00:00","dateModified":"2025-05-28T07:13:25+00:00","description":"Har du brug for en handymand, der kan fixe det meste, s\u00e5 ring til mig. Ingen opgave er for lille og skal du have nyt tag, vinduer eller badev\u00e6relse, kan det ogs\u00e5 lade sig g\u00f8re. Tr\u00e6nger haven til en k\u00e6rlig h\u00e5nd eller skal tr\u00e6er og buske besk\u00e6res eller gr\u00e6sset sl\u00e5s, ringer du til mig.","breadcrumb":{"@id":"https:\/\/byggemandblohm.dk\/index.php\/belaegning\/#breadcrumb"},"inLanguage":"da-DK","potentialAction":[{"@type":"ReadAction","target":["https:\/\/byggemandblohm.dk\/index.php\/belaegning\/"]}]},{"@type":"ImageObject","inLanguage":"da-DK","@id":"https:\/\/byggemandblohm.dk\/index.php\/belaegning\/#primaryimage","url":"https:\/\/byggemandblohm.dk\/wp-content\/uploads\/2024\/11\/IMG_3152.jpeg","contentUrl":"https:\/\/byggemandblohm.dk\/wp-content\/uploads\/2024\/11\/IMG_3152.jpeg","width":2048,"height":1536,"caption":"Vi sk\u00e6rer altid vores fliser. Det bliver det mest pr\u00e6cist af"},{"@type":"BreadcrumbList","@id":"https:\/\/byggemandblohm.dk\/index.php\/belaegning\/#breadcrumb","itemListElement":[{"@type":"ListItem","position":1,"name":"Hjem","item":"https:\/\/byggemandblohm.dk\/"},{"@type":"ListItem","position":2,"name":"Bel\u00e6gning"}]},{"@type":"WebSite","@id":"https:\/\/byggemandblohm.dk\/#website","url":"https:\/\/byggemandblohm.dk\/","name":"Byggemand Blohm","description":"Vi er hurtige, effektive og holder aftaler \u2013 ring allerede i dag p\u00e5 tlf. 2015 6124","publisher":{"@id":"https:\/\/byggemandblohm.dk\/#organization"},"alternateName":"Handyman i Brabrand","potentialAction":[{"@type":"SearchAction","target":{"@type":"EntryPoint","urlTemplate":"https:\/\/byggemandblohm.dk\/?s={search_term_string}"},"query-input":{"@type":"PropertyValueSpecification","valueRequired":true,"valueName":"search_term_string"}}],"inLanguage":"da-DK"},{"@type":"Organization","@id":"https:\/\/byggemandblohm.dk\/#organization","name":"Byggemand Blohm","alternateName":"Handyman i Brabrand","url":"https:\/\/byggemandblohm.dk\/","logo":{"@type":"ImageObject","inLanguage":"da-DK","@id":"https:\/\/byggemandblohm.dk\/#\/schema\/logo\/image\/","url":"https:\/\/byggemandblohm.dk\/wp-content\/uploads\/2024\/12\/cropped-Logo-ver-10-short-1.png","contentUrl":"https:\/\/byggemandblohm.dk\/wp-content\/uploads\/2024\/12\/cropped-Logo-ver-10-short-1.png","width":205,"height":205,"caption":"Byggemand Blohm"},"image":{"@id":"https:\/\/byggemandblohm.dk\/#\/schema\/logo\/image\/"},"sameAs":["https:\/\/www.facebook.com\/profile.php?id=61574004981826"]}]}},"_links":{"self":[{"href":"https:\/\/byggemandblohm.dk\/index.php\/wp-json\/wp\/v2\/pages\/100","targetHints":{"allow":["GET"]}}],"collection":[{"href":"https:\/\/byggemandblohm.dk\/index.php\/wp-json\/wp\/v2\/pages"}],"about":[{"href":"https:\/\/byggemandblohm.dk\/index.php\/wp-json\/wp\/v2\/types\/page"}],"author":[{"embeddable":true,"href":"https:\/\/byggemandblohm.dk\/index.php\/wp-json\/wp\/v2\/users\/1"}],"replies":[{"embeddable":true,"href":"https:\/\/byggemandblohm.dk\/index.php\/wp-json\/wp\/v2\/comments?post=100"}],"version-history":[{"count":15,"href":"https:\/\/byggemandblohm.dk\/index.php\/wp-json\/wp\/v2\/pages\/100\/revisions"}],"predecessor-version":[{"id":522,"href":"https:\/\/byggemandblohm.dk\/index.php\/wp-json\/wp\/v2\/pages\/100\/revisions\/522"}],"wp:attachment":[{"href":"https:\/\/byggemandblohm.dk\/index.php\/wp-json\/wp\/v2\/media?parent=100"}],"curies":[{"name":"wp","href":"https:\/\/api.w.org\/{rel}","templated":true}]}}