{"id":2,"date":"2024-11-26T21:49:56","date_gmt":"2024-11-26T21:49:56","guid":{"rendered":"https:\/\/byggemandblohm.dk\/?page_id=2"},"modified":"2025-04-28T12:41:44","modified_gmt":"2025-04-28T11:41:44","slug":"nedbrydning","status":"publish","type":"page","link":"https:\/\/byggemandblohm.dk\/index.php\/nedbrydning\/","title":{"rendered":"Nedbrydning"},"content":{"rendered":"\n<div class=\"wp-block-columns is-layout-flex wp-container-core-columns-is-layout-9d6595d7 wp-block-columns-is-layout-flex\">\n<div class=\"wp-block-column is-layout-flow wp-block-column-is-layout-flow\">\n<figure class=\"wp-block-image size-large\"><img loading=\"lazy\" decoding=\"async\" width=\"1024\" height=\"768\" src=\"https:\/\/byggemandblohm.dk\/wp-content\/uploads\/2024\/11\/IMG_0408-1024x768.jpg\" alt=\"\" class=\"wp-image-126\" srcset=\"https:\/\/byggemandblohm.dk\/wp-content\/uploads\/2024\/11\/IMG_0408-1024x768.jpg 1024w, https:\/\/byggemandblohm.dk\/wp-content\/uploads\/2024\/11\/IMG_0408-300x225.jpg 300w, https:\/\/byggemandblohm.dk\/wp-content\/uploads\/2024\/11\/IMG_0408-768x576.jpg 768w, https:\/\/byggemandblohm.dk\/wp-content\/uploads\/2024\/11\/IMG_0408-1536x1152.jpg 1536w, https:\/\/byggemandblohm.dk\/wp-content\/uploads\/2024\/11\/IMG_0408-2048x1536.jpg 2048w\" sizes=\"auto, (max-width: 1024px) 100vw, 1024px\" \/><\/figure>\n<\/div>\n\n\n\n<div class=\"wp-block-column is-layout-flow wp-block-column-is-layout-flow\">\n<p><\/p>\n\n\n\n<p>Skal du have fjernet et gammelt drivhus et skur som bare st\u00e5r og ser kedeligt ud, eller skal du have gjort klart til renovering af 1. salen?<\/p>\n\n\n\n<p>S\u00e5 er det os du skal ringe til. Vi kommer og fjerner det hele, s\u00e5 du kan komme videre med dit projekt. At rive ned og k\u00f8re p\u00e5 genbrugspladsen er ofte lidt i vejen. Lad os g\u00f8re det for dig, s\u00e5 er du lidt t\u00e6ttere p\u00e5 at komme videre.<\/p>\n\n\n\n<p>N\u00e5r vi forlader pladsen, er der helt ryddet op. S\u00e5 kan du eller de h\u00e5ndv\u00e6rkere du har bestilt, komme i gang.<\/p>\n<\/div>\n<\/div>\n\n\n\n<div class=\"wp-block-columns is-layout-flex wp-container-core-columns-is-layout-9d6595d7 wp-block-columns-is-layout-flex\">\n<div class=\"wp-block-column is-layout-flow wp-block-column-is-layout-flow\">\n<figure class=\"wp-block-image size-large\"><img loading=\"lazy\" decoding=\"async\" width=\"1024\" height=\"576\" src=\"https:\/\/byggemandblohm.dk\/wp-content\/uploads\/2024\/11\/WP_20170309_08_05_55_Rich-1024x576.jpg\" alt=\"\" class=\"wp-image-133\" srcset=\"https:\/\/byggemandblohm.dk\/wp-content\/uploads\/2024\/11\/WP_20170309_08_05_55_Rich-1024x576.jpg 1024w, https:\/\/byggemandblohm.dk\/wp-content\/uploads\/2024\/11\/WP_20170309_08_05_55_Rich-300x169.jpg 300w, https:\/\/byggemandblohm.dk\/wp-content\/uploads\/2024\/11\/WP_20170309_08_05_55_Rich-768x432.jpg 768w, https:\/\/byggemandblohm.dk\/wp-content\/uploads\/2024\/11\/WP_20170309_08_05_55_Rich-1536x864.jpg 1536w, https:\/\/byggemandblohm.dk\/wp-content\/uploads\/2024\/11\/WP_20170309_08_05_55_Rich-2048x1152.jpg 2048w\" sizes=\"auto, (max-width: 1024px) 100vw, 1024px\" \/><\/figure>\n<\/div>\n\n\n\n<div class=\"wp-block-column is-layout-flow wp-block-column-is-layout-flow\">\n<figure class=\"wp-block-image size-large\"><img loading=\"lazy\" decoding=\"async\" width=\"1024\" height=\"576\" src=\"https:\/\/byggemandblohm.dk\/wp-content\/uploads\/2024\/11\/WP_20170309_08_05_50_Rich-1024x576.jpg\" alt=\"\" class=\"wp-image-131\" srcset=\"https:\/\/byggemandblohm.dk\/wp-content\/uploads\/2024\/11\/WP_20170309_08_05_50_Rich-1024x576.jpg 1024w, https:\/\/byggemandblohm.dk\/wp-content\/uploads\/2024\/11\/WP_20170309_08_05_50_Rich-300x169.jpg 300w, https:\/\/byggemandblohm.dk\/wp-content\/uploads\/2024\/11\/WP_20170309_08_05_50_Rich-768x432.jpg 768w, https:\/\/byggemandblohm.dk\/wp-content\/uploads\/2024\/11\/WP_20170309_08_05_50_Rich-1536x864.jpg 1536w, https:\/\/byggemandblohm.dk\/wp-content\/uploads\/2024\/11\/WP_20170309_08_05_50_Rich-2048x1152.jpg 2048w\" sizes=\"auto, (max-width: 1024px) 100vw, 1024px\" \/><\/figure>\n<\/div>\n<\/div>\n\n\n\n<p><\/p>\n","protected":false},"excerpt":{"rendered":"<p>Skal du have fjernet et gammelt drivhus et skur som bare st\u00e5r og ser kedeligt ud, eller skal du have gjort klart til renovering af&hellip;<\/p>\n","protected":false},"author":1,"featured_media":35,"parent":0,"menu_order":0,"comment_status":"closed","ping_status":"closed","template":"","meta":{"footnotes":""},"class_list":["post-2","page","type-page","status-publish","has-post-thumbnail","hentry"],"yoast_head":"<!-- This site is optimized with the Yoast SEO plugin v27.6 - https:\/\/yoast.com\/product\/yoast-seo-wordpress\/ -->\n<title>Nedbrydning - Byggemand Blohm<\/title>\n<meta name=\"description\" content=\"Har du brug for en handymand, der kan fixe det meste, s\u00e5 ring til mig. Ingen opgave er for lille og skal du have nyt tag, vinduer eller badev\u00e6relse, kan det ogs\u00e5 lade sig g\u00f8re. Tr\u00e6nger haven til en k\u00e6rlig h\u00e5nd eller skal tr\u00e6er og buske besk\u00e6res eller gr\u00e6sset sl\u00e5s, ringer du til mig.\" \/>\n<meta name=\"robots\" content=\"index, follow, max-snippet:-1, max-image-preview:large, max-video-preview:-1\" \/>\n<link rel=\"canonical\" href=\"https:\/\/byggemandblohm.dk\/index.php\/nedbrydning\/\" \/>\n<meta property=\"og:locale\" content=\"da_DK\" \/>\n<meta property=\"og:type\" content=\"article\" \/>\n<meta property=\"og:title\" content=\"Nedbrydning - Byggemand Blohm\" \/>\n<meta property=\"og:description\" content=\"Har du brug for en handymand, der kan fixe det meste, s\u00e5 ring til mig. Ingen opgave er for lille og skal du have nyt tag, vinduer eller badev\u00e6relse, kan det ogs\u00e5 lade sig g\u00f8re. Tr\u00e6nger haven til en k\u00e6rlig h\u00e5nd eller skal tr\u00e6er og buske besk\u00e6res eller gr\u00e6sset sl\u00e5s, ringer du til mig.\" \/>\n<meta property=\"og:url\" content=\"https:\/\/byggemandblohm.dk\/index.php\/nedbrydning\/\" \/>\n<meta property=\"og:site_name\" content=\"Byggemand Blohm\" \/>\n<meta property=\"article:publisher\" content=\"https:\/\/www.facebook.com\/profile.php?id=61574004981826\" \/>\n<meta property=\"article:modified_time\" content=\"2025-04-28T11:41:44+00:00\" \/>\n<meta property=\"og:image\" content=\"https:\/\/byggemandblohm.dk\/wp-content\/uploads\/2024\/11\/IMG_0339-scaled-e1732721561559.jpg\" \/>\n\t<meta property=\"og:image:width\" content=\"200\" \/>\n\t<meta property=\"og:image:height\" content=\"150\" \/>\n\t<meta property=\"og:image:type\" content=\"image\/jpeg\" \/>\n<meta name=\"twitter:card\" content=\"summary_large_image\" \/>\n<meta name=\"twitter:label1\" content=\"Estimeret l\u00e6setid\" \/>\n\t<meta name=\"twitter:data1\" content=\"2 minutter\" \/>\n<script type=\"application\/ld+json\" class=\"yoast-schema-graph\">{\"@context\":\"https:\\\/\\\/schema.org\",\"@graph\":[{\"@type\":\"WebPage\",\"@id\":\"https:\\\/\\\/byggemandblohm.dk\\\/index.php\\\/nedbrydning\\\/\",\"url\":\"https:\\\/\\\/byggemandblohm.dk\\\/index.php\\\/nedbrydning\\\/\",\"name\":\"Nedbrydning - Byggemand Blohm\",\"isPartOf\":{\"@id\":\"https:\\\/\\\/byggemandblohm.dk\\\/#website\"},\"primaryImageOfPage\":{\"@id\":\"https:\\\/\\\/byggemandblohm.dk\\\/index.php\\\/nedbrydning\\\/#primaryimage\"},\"image\":{\"@id\":\"https:\\\/\\\/byggemandblohm.dk\\\/index.php\\\/nedbrydning\\\/#primaryimage\"},\"thumbnailUrl\":\"https:\\\/\\\/byggemandblohm.dk\\\/wp-content\\\/uploads\\\/2024\\\/11\\\/IMG_0339-scaled-e1732721561559.jpg\",\"datePublished\":\"2024-11-26T21:49:56+00:00\",\"dateModified\":\"2025-04-28T11:41:44+00:00\",\"description\":\"Har du brug for en handymand, der kan fixe det meste, s\u00e5 ring til mig. Ingen opgave er for lille og skal du have nyt tag, vinduer eller badev\u00e6relse, kan det ogs\u00e5 lade sig g\u00f8re. Tr\u00e6nger haven til en k\u00e6rlig h\u00e5nd eller skal tr\u00e6er og buske besk\u00e6res eller gr\u00e6sset sl\u00e5s, ringer du til mig.\",\"breadcrumb\":{\"@id\":\"https:\\\/\\\/byggemandblohm.dk\\\/index.php\\\/nedbrydning\\\/#breadcrumb\"},\"inLanguage\":\"da-DK\",\"potentialAction\":[{\"@type\":\"ReadAction\",\"target\":[\"https:\\\/\\\/byggemandblohm.dk\\\/index.php\\\/nedbrydning\\\/\"]}]},{\"@type\":\"ImageObject\",\"inLanguage\":\"da-DK\",\"@id\":\"https:\\\/\\\/byggemandblohm.dk\\\/index.php\\\/nedbrydning\\\/#primaryimage\",\"url\":\"https:\\\/\\\/byggemandblohm.dk\\\/wp-content\\\/uploads\\\/2024\\\/11\\\/IMG_0339-scaled-e1732721561559.jpg\",\"contentUrl\":\"https:\\\/\\\/byggemandblohm.dk\\\/wp-content\\\/uploads\\\/2024\\\/11\\\/IMG_0339-scaled-e1732721561559.jpg\",\"width\":200,\"height\":150},{\"@type\":\"BreadcrumbList\",\"@id\":\"https:\\\/\\\/byggemandblohm.dk\\\/index.php\\\/nedbrydning\\\/#breadcrumb\",\"itemListElement\":[{\"@type\":\"ListItem\",\"position\":1,\"name\":\"Hjem\",\"item\":\"https:\\\/\\\/byggemandblohm.dk\\\/\"},{\"@type\":\"ListItem\",\"position\":2,\"name\":\"Nedbrydning\"}]},{\"@type\":\"WebSite\",\"@id\":\"https:\\\/\\\/byggemandblohm.dk\\\/#website\",\"url\":\"https:\\\/\\\/byggemandblohm.dk\\\/\",\"name\":\"Byggemand Blohm\",\"description\":\"Vi er hurtige, effektive og holder aftaler \u2013 ring allerede i dag p\u00e5 tlf. 2015 6124\",\"publisher\":{\"@id\":\"https:\\\/\\\/byggemandblohm.dk\\\/#organization\"},\"alternateName\":\"Handyman i Brabrand\",\"potentialAction\":[{\"@type\":\"SearchAction\",\"target\":{\"@type\":\"EntryPoint\",\"urlTemplate\":\"https:\\\/\\\/byggemandblohm.dk\\\/?s={search_term_string}\"},\"query-input\":{\"@type\":\"PropertyValueSpecification\",\"valueRequired\":true,\"valueName\":\"search_term_string\"}}],\"inLanguage\":\"da-DK\"},{\"@type\":\"Organization\",\"@id\":\"https:\\\/\\\/byggemandblohm.dk\\\/#organization\",\"name\":\"Byggemand Blohm\",\"alternateName\":\"Handyman i Brabrand\",\"url\":\"https:\\\/\\\/byggemandblohm.dk\\\/\",\"logo\":{\"@type\":\"ImageObject\",\"inLanguage\":\"da-DK\",\"@id\":\"https:\\\/\\\/byggemandblohm.dk\\\/#\\\/schema\\\/logo\\\/image\\\/\",\"url\":\"https:\\\/\\\/byggemandblohm.dk\\\/wp-content\\\/uploads\\\/2024\\\/12\\\/cropped-Logo-ver-10-short-1.png\",\"contentUrl\":\"https:\\\/\\\/byggemandblohm.dk\\\/wp-content\\\/uploads\\\/2024\\\/12\\\/cropped-Logo-ver-10-short-1.png\",\"width\":205,\"height\":205,\"caption\":\"Byggemand Blohm\"},\"image\":{\"@id\":\"https:\\\/\\\/byggemandblohm.dk\\\/#\\\/schema\\\/logo\\\/image\\\/\"},\"sameAs\":[\"https:\\\/\\\/www.facebook.com\\\/profile.php?id=61574004981826\"]}]}<\/script>\n<!-- \/ Yoast SEO plugin. -->","yoast_head_json":{"title":"Nedbrydning - Byggemand Blohm","description":"Har du brug for en handymand, der kan fixe det meste, s\u00e5 ring til mig. Ingen opgave er for lille og skal du have nyt tag, vinduer eller badev\u00e6relse, kan det ogs\u00e5 lade sig g\u00f8re. Tr\u00e6nger haven til en k\u00e6rlig h\u00e5nd eller skal tr\u00e6er og buske besk\u00e6res eller gr\u00e6sset sl\u00e5s, ringer du til mig.","robots":{"index":"index","follow":"follow","max-snippet":"max-snippet:-1","max-image-preview":"max-image-preview:large","max-video-preview":"max-video-preview:-1"},"canonical":"https:\/\/byggemandblohm.dk\/index.php\/nedbrydning\/","og_locale":"da_DK","og_type":"article","og_title":"Nedbrydning - Byggemand Blohm","og_description":"Har du brug for en handymand, der kan fixe det meste, s\u00e5 ring til mig. Ingen opgave er for lille og skal du have nyt tag, vinduer eller badev\u00e6relse, kan det ogs\u00e5 lade sig g\u00f8re. Tr\u00e6nger haven til en k\u00e6rlig h\u00e5nd eller skal tr\u00e6er og buske besk\u00e6res eller gr\u00e6sset sl\u00e5s, ringer du til mig.","og_url":"https:\/\/byggemandblohm.dk\/index.php\/nedbrydning\/","og_site_name":"Byggemand Blohm","article_publisher":"https:\/\/www.facebook.com\/profile.php?id=61574004981826","article_modified_time":"2025-04-28T11:41:44+00:00","og_image":[{"width":200,"height":150,"url":"https:\/\/byggemandblohm.dk\/wp-content\/uploads\/2024\/11\/IMG_0339-scaled-e1732721561559.jpg","type":"image\/jpeg"}],"twitter_card":"summary_large_image","twitter_misc":{"Estimeret l\u00e6setid":"2 minutter"},"schema":{"@context":"https:\/\/schema.org","@graph":[{"@type":"WebPage","@id":"https:\/\/byggemandblohm.dk\/index.php\/nedbrydning\/","url":"https:\/\/byggemandblohm.dk\/index.php\/nedbrydning\/","name":"Nedbrydning - Byggemand Blohm","isPartOf":{"@id":"https:\/\/byggemandblohm.dk\/#website"},"primaryImageOfPage":{"@id":"https:\/\/byggemandblohm.dk\/index.php\/nedbrydning\/#primaryimage"},"image":{"@id":"https:\/\/byggemandblohm.dk\/index.php\/nedbrydning\/#primaryimage"},"thumbnailUrl":"https:\/\/byggemandblohm.dk\/wp-content\/uploads\/2024\/11\/IMG_0339-scaled-e1732721561559.jpg","datePublished":"2024-11-26T21:49:56+00:00","dateModified":"2025-04-28T11:41:44+00:00","description":"Har du brug for en handymand, der kan fixe det meste, s\u00e5 ring til mig. Ingen opgave er for lille og skal du have nyt tag, vinduer eller badev\u00e6relse, kan det ogs\u00e5 lade sig g\u00f8re. Tr\u00e6nger haven til en k\u00e6rlig h\u00e5nd eller skal tr\u00e6er og buske besk\u00e6res eller gr\u00e6sset sl\u00e5s, ringer du til mig.","breadcrumb":{"@id":"https:\/\/byggemandblohm.dk\/index.php\/nedbrydning\/#breadcrumb"},"inLanguage":"da-DK","potentialAction":[{"@type":"ReadAction","target":["https:\/\/byggemandblohm.dk\/index.php\/nedbrydning\/"]}]},{"@type":"ImageObject","inLanguage":"da-DK","@id":"https:\/\/byggemandblohm.dk\/index.php\/nedbrydning\/#primaryimage","url":"https:\/\/byggemandblohm.dk\/wp-content\/uploads\/2024\/11\/IMG_0339-scaled-e1732721561559.jpg","contentUrl":"https:\/\/byggemandblohm.dk\/wp-content\/uploads\/2024\/11\/IMG_0339-scaled-e1732721561559.jpg","width":200,"height":150},{"@type":"BreadcrumbList","@id":"https:\/\/byggemandblohm.dk\/index.php\/nedbrydning\/#breadcrumb","itemListElement":[{"@type":"ListItem","position":1,"name":"Hjem","item":"https:\/\/byggemandblohm.dk\/"},{"@type":"ListItem","position":2,"name":"Nedbrydning"}]},{"@type":"WebSite","@id":"https:\/\/byggemandblohm.dk\/#website","url":"https:\/\/byggemandblohm.dk\/","name":"Byggemand Blohm","description":"Vi er hurtige, effektive og holder aftaler \u2013 ring allerede i dag p\u00e5 tlf. 2015 6124","publisher":{"@id":"https:\/\/byggemandblohm.dk\/#organization"},"alternateName":"Handyman i Brabrand","potentialAction":[{"@type":"SearchAction","target":{"@type":"EntryPoint","urlTemplate":"https:\/\/byggemandblohm.dk\/?s={search_term_string}"},"query-input":{"@type":"PropertyValueSpecification","valueRequired":true,"valueName":"search_term_string"}}],"inLanguage":"da-DK"},{"@type":"Organization","@id":"https:\/\/byggemandblohm.dk\/#organization","name":"Byggemand Blohm","alternateName":"Handyman i Brabrand","url":"https:\/\/byggemandblohm.dk\/","logo":{"@type":"ImageObject","inLanguage":"da-DK","@id":"https:\/\/byggemandblohm.dk\/#\/schema\/logo\/image\/","url":"https:\/\/byggemandblohm.dk\/wp-content\/uploads\/2024\/12\/cropped-Logo-ver-10-short-1.png","contentUrl":"https:\/\/byggemandblohm.dk\/wp-content\/uploads\/2024\/12\/cropped-Logo-ver-10-short-1.png","width":205,"height":205,"caption":"Byggemand Blohm"},"image":{"@id":"https:\/\/byggemandblohm.dk\/#\/schema\/logo\/image\/"},"sameAs":["https:\/\/www.facebook.com\/profile.php?id=61574004981826"]}]}},"_links":{"self":[{"href":"https:\/\/byggemandblohm.dk\/index.php\/wp-json\/wp\/v2\/pages\/2","targetHints":{"allow":["GET"]}}],"collection":[{"href":"https:\/\/byggemandblohm.dk\/index.php\/wp-json\/wp\/v2\/pages"}],"about":[{"href":"https:\/\/byggemandblohm.dk\/index.php\/wp-json\/wp\/v2\/types\/page"}],"author":[{"embeddable":true,"href":"https:\/\/byggemandblohm.dk\/index.php\/wp-json\/wp\/v2\/users\/1"}],"replies":[{"embeddable":true,"href":"https:\/\/byggemandblohm.dk\/index.php\/wp-json\/wp\/v2\/comments?post=2"}],"version-history":[{"count":16,"href":"https:\/\/byggemandblohm.dk\/index.php\/wp-json\/wp\/v2\/pages\/2\/revisions"}],"predecessor-version":[{"id":494,"href":"https:\/\/byggemandblohm.dk\/index.php\/wp-json\/wp\/v2\/pages\/2\/revisions\/494"}],"wp:featuredmedia":[{"embeddable":true,"href":"https:\/\/byggemandblohm.dk\/index.php\/wp-json\/wp\/v2\/media\/35"}],"wp:attachment":[{"href":"https:\/\/byggemandblohm.dk\/index.php\/wp-json\/wp\/v2\/media?parent=2"}],"curies":[{"name":"wp","href":"https:\/\/api.w.org\/{rel}","templated":true}]}}