{"id":231,"date":"2024-11-29T20:38:38","date_gmt":"2024-11-29T20:38:38","guid":{"rendered":"https:\/\/byggemandblohm.dk\/?page_id=231"},"modified":"2025-04-28T12:47:28","modified_gmt":"2025-04-28T11:47:28","slug":"vi-goer-det-lidt-lettere-at-vaere-husejer","status":"publish","type":"page","link":"https:\/\/byggemandblohm.dk\/","title":{"rendered":"Vi g\u00f8r det lidt lettere at v\u00e6re husejer"},"content":{"rendered":"<h1 style=\"text-align: center;\">Vi g\u00f8r det lidt lettere at v\u00e6re husejer<\/h1>\n\n\n<div class=\"wp-block-columns is-layout-flex wp-container-core-columns-is-layout-9d6595d7 wp-block-columns-is-layout-flex\">\n<div class=\"wp-block-column is-layout-flow wp-block-column-is-layout-flow\">\n<p>Vi ved godt at det kan v\u00e6re sv\u00e6rt at n\u00e5 alt i hus og have i en travl hverdag. Derfor tilbyder vi dig at fjerne noget af byrden til en god pris &#8211; og aftaler? Det er noget vi holder.<\/p>\n\n\n\n<p><\/p>\n<\/div>\n\n\n\n<div class=\"wp-block-column is-layout-flow wp-block-column-is-layout-flow\">\n<figure class=\"wp-block-image size-large\"><img loading=\"lazy\" decoding=\"async\" width=\"1024\" height=\"768\" src=\"https:\/\/byggemandblohm.dk\/wp-content\/uploads\/2024\/11\/IMG_0996-1024x768.jpeg\" alt=\"\" class=\"wp-image-286\" srcset=\"https:\/\/byggemandblohm.dk\/wp-content\/uploads\/2024\/11\/IMG_0996-1024x768.jpeg 1024w, https:\/\/byggemandblohm.dk\/wp-content\/uploads\/2024\/11\/IMG_0996-300x225.jpeg 300w, https:\/\/byggemandblohm.dk\/wp-content\/uploads\/2024\/11\/IMG_0996-768x576.jpeg 768w, https:\/\/byggemandblohm.dk\/wp-content\/uploads\/2024\/11\/IMG_0996-1536x1152.jpeg 1536w, https:\/\/byggemandblohm.dk\/wp-content\/uploads\/2024\/11\/IMG_0996.jpeg 2048w\" sizes=\"auto, (max-width: 1024px) 100vw, 1024px\" \/><\/figure>\n<\/div>\n\n\n\n<div class=\"wp-block-column is-layout-flow wp-block-column-is-layout-flow\">\n<p>Carportens design er tidsl\u00f8st og luftigt, og p\u00e5 trods af hele 56 rummelige m<sup>2<\/sup>, fylder den visuelt ikke s\u00e5 meget. <\/p>\n\n\n\n<p>Carporten kan laves til en eller to biler, med og uden skur\/v\u00e6rksted, alt efter dine \u00f8nsker.<\/p>\n\n\n\n<p>L\u00e6s mere om carporten <strong><a href=\"https:\/\/byggemandblohm.dk\/index.php\/donskov-design\/\">her<\/a><\/strong><\/p>\n<\/div>\n<\/div>\n\n\n\n<div class=\"wp-block-columns is-layout-flex wp-container-core-columns-is-layout-9d6595d7 wp-block-columns-is-layout-flex\">\n<div class=\"wp-block-column is-layout-flow wp-block-column-is-layout-flow\">\n<figure class=\"wp-block-image size-large\"><img loading=\"lazy\" decoding=\"async\" width=\"1024\" height=\"768\" src=\"https:\/\/byggemandblohm.dk\/wp-content\/uploads\/2024\/11\/451292749_10228299894456084_5555646277037972621_n-1024x768.jpg\" alt=\"\" class=\"wp-image-287\" srcset=\"https:\/\/byggemandblohm.dk\/wp-content\/uploads\/2024\/11\/451292749_10228299894456084_5555646277037972621_n-1024x768.jpg 1024w, https:\/\/byggemandblohm.dk\/wp-content\/uploads\/2024\/11\/451292749_10228299894456084_5555646277037972621_n-300x225.jpg 300w, https:\/\/byggemandblohm.dk\/wp-content\/uploads\/2024\/11\/451292749_10228299894456084_5555646277037972621_n-768x576.jpg 768w, https:\/\/byggemandblohm.dk\/wp-content\/uploads\/2024\/11\/451292749_10228299894456084_5555646277037972621_n-1536x1152.jpg 1536w, https:\/\/byggemandblohm.dk\/wp-content\/uploads\/2024\/11\/451292749_10228299894456084_5555646277037972621_n.jpg 2048w\" sizes=\"auto, (max-width: 1024px) 100vw, 1024px\" \/><\/figure>\n<\/div>\n\n\n\n<div class=\"wp-block-column is-layout-flow wp-block-column-is-layout-flow\">\n<p>Det skal se godt ud og det skal blive ved med at se godt ud i mange \u00e5r. Vores motto er at levere kvalitetsh\u00e5ndv\u00e6rk, der holder.<\/p>\n\n\n\n<p>Kontakt os for et konkret tilbud eller overslag p\u00e5 din opgave.<\/p>\n<\/div>\n\n\n\n<div class=\"wp-block-column is-layout-flow wp-block-column-is-layout-flow\">\n<figure class=\"wp-block-image size-large\"><img loading=\"lazy\" decoding=\"async\" width=\"1024\" height=\"505\" src=\"https:\/\/byggemandblohm.dk\/wp-content\/uploads\/2024\/12\/IMG_3160-ph-cropped-1-1024x505.jpg\" alt=\"\" class=\"wp-image-382\" srcset=\"https:\/\/byggemandblohm.dk\/wp-content\/uploads\/2024\/12\/IMG_3160-ph-cropped-1-1024x505.jpg 1024w, https:\/\/byggemandblohm.dk\/wp-content\/uploads\/2024\/12\/IMG_3160-ph-cropped-1-300x148.jpg 300w, https:\/\/byggemandblohm.dk\/wp-content\/uploads\/2024\/12\/IMG_3160-ph-cropped-1-768x379.jpg 768w, https:\/\/byggemandblohm.dk\/wp-content\/uploads\/2024\/12\/IMG_3160-ph-cropped-1-1536x757.jpg 1536w, https:\/\/byggemandblohm.dk\/wp-content\/uploads\/2024\/12\/IMG_3160-ph-cropped-1.jpg 1540w\" sizes=\"auto, (max-width: 1024px) 100vw, 1024px\" \/><\/figure>\n\n\n\n<p><\/p>\n<\/div>\n<\/div>\n\n\n\n<div class=\"wp-block-columns is-layout-flex wp-container-core-columns-is-layout-9d6595d7 wp-block-columns-is-layout-flex\">\n<div class=\"wp-block-column is-layout-flow wp-block-column-is-layout-flow\">\n<p>Skjuler til affaldscontainere.<\/p>\n\n\n\n<p>Kan laves med 2 eller 3 l\u00e5ger, s\u00e5 renovationsmedarbejderen selv kan hente containerne.<\/p>\n<\/div>\n\n\n\n<div class=\"wp-block-column is-layout-flow wp-block-column-is-layout-flow\">\n<figure class=\"wp-block-image size-large\"><img loading=\"lazy\" decoding=\"async\" width=\"1024\" height=\"768\" src=\"https:\/\/byggemandblohm.dk\/wp-content\/uploads\/2024\/12\/IMG_0305-1024x768.jpeg\" alt=\"\" class=\"wp-image-417\" srcset=\"https:\/\/byggemandblohm.dk\/wp-content\/uploads\/2024\/12\/IMG_0305-1024x768.jpeg 1024w, https:\/\/byggemandblohm.dk\/wp-content\/uploads\/2024\/12\/IMG_0305-300x225.jpeg 300w, https:\/\/byggemandblohm.dk\/wp-content\/uploads\/2024\/12\/IMG_0305-768x576.jpeg 768w, https:\/\/byggemandblohm.dk\/wp-content\/uploads\/2024\/12\/IMG_0305-1536x1152.jpeg 1536w, https:\/\/byggemandblohm.dk\/wp-content\/uploads\/2024\/12\/IMG_0305.jpeg 2048w\" sizes=\"auto, (max-width: 1024px) 100vw, 1024px\" \/><\/figure>\n<\/div>\n\n\n\n<div class=\"wp-block-column is-layout-flow wp-block-column-is-layout-flow\"><\/div>\n<\/div>\n","protected":false},"excerpt":{"rendered":"<p>Vi g\u00f8r det lidt lettere at v\u00e6re husejer Vi ved godt at det kan v\u00e6re sv\u00e6rt at n\u00e5 alt i hus og have i en&hellip;<\/p>\n","protected":false},"author":1,"featured_media":0,"parent":0,"menu_order":0,"comment_status":"closed","ping_status":"closed","template":"","meta":{"footnotes":""},"class_list":["post-231","page","type-page","status-publish","hentry"],"yoast_head":"<!-- This site is optimized with the Yoast SEO plugin v27.6 - https:\/\/yoast.com\/product\/yoast-seo-wordpress\/ -->\n<title>Vi g\u00f8r det lidt lettere at v\u00e6re husejer - Byggemand Blohm<\/title>\n<meta name=\"description\" content=\"Har du brug for en handymand, der kan fixe det meste, s\u00e5 ring til mig. Ingen opgave er for lille og skal du have nyt tag, vinduer eller badev\u00e6relse, kan det ogs\u00e5 lade sig g\u00f8re. Tr\u00e6nger haven til en k\u00e6rlig h\u00e5nd eller skal tr\u00e6er og buske besk\u00e6res eller gr\u00e6sset sl\u00e5s, ringer du til mig.\" \/>\n<meta name=\"robots\" content=\"index, follow, max-snippet:-1, max-image-preview:large, max-video-preview:-1\" \/>\n<link rel=\"canonical\" href=\"https:\/\/byggemandblohm.dk\/\" \/>\n<meta property=\"og:locale\" content=\"da_DK\" \/>\n<meta property=\"og:type\" content=\"article\" \/>\n<meta property=\"og:title\" content=\"Vi g\u00f8r det lidt lettere at v\u00e6re husejer - Byggemand Blohm\" \/>\n<meta property=\"og:description\" content=\"Har du brug for en handymand, der kan fixe det meste, s\u00e5 ring til mig. Ingen opgave er for lille og skal du have nyt tag, vinduer eller badev\u00e6relse, kan det ogs\u00e5 lade sig g\u00f8re. Tr\u00e6nger haven til en k\u00e6rlig h\u00e5nd eller skal tr\u00e6er og buske besk\u00e6res eller gr\u00e6sset sl\u00e5s, ringer du til mig.\" \/>\n<meta property=\"og:url\" content=\"https:\/\/byggemandblohm.dk\/\" \/>\n<meta property=\"og:site_name\" content=\"Byggemand Blohm\" \/>\n<meta property=\"article:publisher\" content=\"https:\/\/www.facebook.com\/profile.php?id=61574004981826\" \/>\n<meta property=\"article:modified_time\" content=\"2025-04-28T11:47:28+00:00\" \/>\n<meta property=\"og:image\" content=\"https:\/\/byggemandblohm.dk\/wp-content\/uploads\/2024\/11\/IMG_0996.jpeg\" \/>\n\t<meta property=\"og:image:width\" content=\"2048\" \/>\n\t<meta property=\"og:image:height\" content=\"1536\" \/>\n\t<meta property=\"og:image:type\" content=\"image\/jpeg\" \/>\n<meta name=\"twitter:card\" content=\"summary_large_image\" \/>\n<meta name=\"twitter:label1\" content=\"Estimeret l\u00e6setid\" \/>\n\t<meta name=\"twitter:data1\" content=\"2 minutter\" \/>\n<script type=\"application\/ld+json\" class=\"yoast-schema-graph\">{\"@context\":\"https:\\\/\\\/schema.org\",\"@graph\":[{\"@type\":\"WebPage\",\"@id\":\"https:\\\/\\\/byggemandblohm.dk\\\/\",\"url\":\"https:\\\/\\\/byggemandblohm.dk\\\/\",\"name\":\"Vi g\u00f8r det lidt lettere at v\u00e6re husejer - Byggemand Blohm\",\"isPartOf\":{\"@id\":\"https:\\\/\\\/byggemandblohm.dk\\\/#website\"},\"primaryImageOfPage\":{\"@id\":\"https:\\\/\\\/byggemandblohm.dk\\\/#primaryimage\"},\"image\":{\"@id\":\"https:\\\/\\\/byggemandblohm.dk\\\/#primaryimage\"},\"thumbnailUrl\":\"https:\\\/\\\/byggemandblohm.dk\\\/wp-content\\\/uploads\\\/2024\\\/11\\\/IMG_0996-1024x768.jpeg\",\"datePublished\":\"2024-11-29T20:38:38+00:00\",\"dateModified\":\"2025-04-28T11:47:28+00:00\",\"description\":\"Har du brug for en handymand, der kan fixe det meste, s\u00e5 ring til mig. Ingen opgave er for lille og skal du have nyt tag, vinduer eller badev\u00e6relse, kan det ogs\u00e5 lade sig g\u00f8re. Tr\u00e6nger haven til en k\u00e6rlig h\u00e5nd eller skal tr\u00e6er og buske besk\u00e6res eller gr\u00e6sset sl\u00e5s, ringer du til mig.\",\"breadcrumb\":{\"@id\":\"https:\\\/\\\/byggemandblohm.dk\\\/#breadcrumb\"},\"inLanguage\":\"da-DK\",\"potentialAction\":[{\"@type\":\"ReadAction\",\"target\":[\"https:\\\/\\\/byggemandblohm.dk\\\/\"]}]},{\"@type\":\"ImageObject\",\"inLanguage\":\"da-DK\",\"@id\":\"https:\\\/\\\/byggemandblohm.dk\\\/#primaryimage\",\"url\":\"https:\\\/\\\/byggemandblohm.dk\\\/wp-content\\\/uploads\\\/2024\\\/11\\\/IMG_0996.jpeg\",\"contentUrl\":\"https:\\\/\\\/byggemandblohm.dk\\\/wp-content\\\/uploads\\\/2024\\\/11\\\/IMG_0996.jpeg\",\"width\":2048,\"height\":1536,\"caption\":\"Tr\u00e6terrasse, kan ogs\u00e5 monteres med skjulte skruer\"},{\"@type\":\"BreadcrumbList\",\"@id\":\"https:\\\/\\\/byggemandblohm.dk\\\/#breadcrumb\",\"itemListElement\":[{\"@type\":\"ListItem\",\"position\":1,\"name\":\"Hjem\",\"item\":\"https:\\\/\\\/byggemandblohm.dk\\\/\"},{\"@type\":\"ListItem\",\"position\":2,\"name\":\"Vi g\u00f8r det lidt lettere at v\u00e6re husejer\"}]},{\"@type\":\"WebSite\",\"@id\":\"https:\\\/\\\/byggemandblohm.dk\\\/#website\",\"url\":\"https:\\\/\\\/byggemandblohm.dk\\\/\",\"name\":\"Byggemand Blohm\",\"description\":\"Vi er hurtige, effektive og holder aftaler \u2013 ring allerede i dag p\u00e5 tlf. 2015 6124\",\"publisher\":{\"@id\":\"https:\\\/\\\/byggemandblohm.dk\\\/#organization\"},\"alternateName\":\"Handyman i Brabrand\",\"potentialAction\":[{\"@type\":\"SearchAction\",\"target\":{\"@type\":\"EntryPoint\",\"urlTemplate\":\"https:\\\/\\\/byggemandblohm.dk\\\/?s={search_term_string}\"},\"query-input\":{\"@type\":\"PropertyValueSpecification\",\"valueRequired\":true,\"valueName\":\"search_term_string\"}}],\"inLanguage\":\"da-DK\"},{\"@type\":\"Organization\",\"@id\":\"https:\\\/\\\/byggemandblohm.dk\\\/#organization\",\"name\":\"Byggemand Blohm\",\"alternateName\":\"Handyman i Brabrand\",\"url\":\"https:\\\/\\\/byggemandblohm.dk\\\/\",\"logo\":{\"@type\":\"ImageObject\",\"inLanguage\":\"da-DK\",\"@id\":\"https:\\\/\\\/byggemandblohm.dk\\\/#\\\/schema\\\/logo\\\/image\\\/\",\"url\":\"https:\\\/\\\/byggemandblohm.dk\\\/wp-content\\\/uploads\\\/2024\\\/12\\\/cropped-Logo-ver-10-short-1.png\",\"contentUrl\":\"https:\\\/\\\/byggemandblohm.dk\\\/wp-content\\\/uploads\\\/2024\\\/12\\\/cropped-Logo-ver-10-short-1.png\",\"width\":205,\"height\":205,\"caption\":\"Byggemand Blohm\"},\"image\":{\"@id\":\"https:\\\/\\\/byggemandblohm.dk\\\/#\\\/schema\\\/logo\\\/image\\\/\"},\"sameAs\":[\"https:\\\/\\\/www.facebook.com\\\/profile.php?id=61574004981826\"]}]}<\/script>\n<!-- \/ Yoast SEO plugin. -->","yoast_head_json":{"title":"Vi g\u00f8r det lidt lettere at v\u00e6re husejer - Byggemand Blohm","description":"Har du brug for en handymand, der kan fixe det meste, s\u00e5 ring til mig. Ingen opgave er for lille og skal du have nyt tag, vinduer eller badev\u00e6relse, kan det ogs\u00e5 lade sig g\u00f8re. Tr\u00e6nger haven til en k\u00e6rlig h\u00e5nd eller skal tr\u00e6er og buske besk\u00e6res eller gr\u00e6sset sl\u00e5s, ringer du til mig.","robots":{"index":"index","follow":"follow","max-snippet":"max-snippet:-1","max-image-preview":"max-image-preview:large","max-video-preview":"max-video-preview:-1"},"canonical":"https:\/\/byggemandblohm.dk\/","og_locale":"da_DK","og_type":"article","og_title":"Vi g\u00f8r det lidt lettere at v\u00e6re husejer - Byggemand Blohm","og_description":"Har du brug for en handymand, der kan fixe det meste, s\u00e5 ring til mig. Ingen opgave er for lille og skal du have nyt tag, vinduer eller badev\u00e6relse, kan det ogs\u00e5 lade sig g\u00f8re. Tr\u00e6nger haven til en k\u00e6rlig h\u00e5nd eller skal tr\u00e6er og buske besk\u00e6res eller gr\u00e6sset sl\u00e5s, ringer du til mig.","og_url":"https:\/\/byggemandblohm.dk\/","og_site_name":"Byggemand Blohm","article_publisher":"https:\/\/www.facebook.com\/profile.php?id=61574004981826","article_modified_time":"2025-04-28T11:47:28+00:00","og_image":[{"width":2048,"height":1536,"url":"https:\/\/byggemandblohm.dk\/wp-content\/uploads\/2024\/11\/IMG_0996.jpeg","type":"image\/jpeg"}],"twitter_card":"summary_large_image","twitter_misc":{"Estimeret l\u00e6setid":"2 minutter"},"schema":{"@context":"https:\/\/schema.org","@graph":[{"@type":"WebPage","@id":"https:\/\/byggemandblohm.dk\/","url":"https:\/\/byggemandblohm.dk\/","name":"Vi g\u00f8r det lidt lettere at v\u00e6re husejer - Byggemand Blohm","isPartOf":{"@id":"https:\/\/byggemandblohm.dk\/#website"},"primaryImageOfPage":{"@id":"https:\/\/byggemandblohm.dk\/#primaryimage"},"image":{"@id":"https:\/\/byggemandblohm.dk\/#primaryimage"},"thumbnailUrl":"https:\/\/byggemandblohm.dk\/wp-content\/uploads\/2024\/11\/IMG_0996-1024x768.jpeg","datePublished":"2024-11-29T20:38:38+00:00","dateModified":"2025-04-28T11:47:28+00:00","description":"Har du brug for en handymand, der kan fixe det meste, s\u00e5 ring til mig. Ingen opgave er for lille og skal du have nyt tag, vinduer eller badev\u00e6relse, kan det ogs\u00e5 lade sig g\u00f8re. Tr\u00e6nger haven til en k\u00e6rlig h\u00e5nd eller skal tr\u00e6er og buske besk\u00e6res eller gr\u00e6sset sl\u00e5s, ringer du til mig.","breadcrumb":{"@id":"https:\/\/byggemandblohm.dk\/#breadcrumb"},"inLanguage":"da-DK","potentialAction":[{"@type":"ReadAction","target":["https:\/\/byggemandblohm.dk\/"]}]},{"@type":"ImageObject","inLanguage":"da-DK","@id":"https:\/\/byggemandblohm.dk\/#primaryimage","url":"https:\/\/byggemandblohm.dk\/wp-content\/uploads\/2024\/11\/IMG_0996.jpeg","contentUrl":"https:\/\/byggemandblohm.dk\/wp-content\/uploads\/2024\/11\/IMG_0996.jpeg","width":2048,"height":1536,"caption":"Tr\u00e6terrasse, kan ogs\u00e5 monteres med skjulte skruer"},{"@type":"BreadcrumbList","@id":"https:\/\/byggemandblohm.dk\/#breadcrumb","itemListElement":[{"@type":"ListItem","position":1,"name":"Hjem","item":"https:\/\/byggemandblohm.dk\/"},{"@type":"ListItem","position":2,"name":"Vi g\u00f8r det lidt lettere at v\u00e6re husejer"}]},{"@type":"WebSite","@id":"https:\/\/byggemandblohm.dk\/#website","url":"https:\/\/byggemandblohm.dk\/","name":"Byggemand Blohm","description":"Vi er hurtige, effektive og holder aftaler \u2013 ring allerede i dag p\u00e5 tlf. 2015 6124","publisher":{"@id":"https:\/\/byggemandblohm.dk\/#organization"},"alternateName":"Handyman i Brabrand","potentialAction":[{"@type":"SearchAction","target":{"@type":"EntryPoint","urlTemplate":"https:\/\/byggemandblohm.dk\/?s={search_term_string}"},"query-input":{"@type":"PropertyValueSpecification","valueRequired":true,"valueName":"search_term_string"}}],"inLanguage":"da-DK"},{"@type":"Organization","@id":"https:\/\/byggemandblohm.dk\/#organization","name":"Byggemand Blohm","alternateName":"Handyman i Brabrand","url":"https:\/\/byggemandblohm.dk\/","logo":{"@type":"ImageObject","inLanguage":"da-DK","@id":"https:\/\/byggemandblohm.dk\/#\/schema\/logo\/image\/","url":"https:\/\/byggemandblohm.dk\/wp-content\/uploads\/2024\/12\/cropped-Logo-ver-10-short-1.png","contentUrl":"https:\/\/byggemandblohm.dk\/wp-content\/uploads\/2024\/12\/cropped-Logo-ver-10-short-1.png","width":205,"height":205,"caption":"Byggemand Blohm"},"image":{"@id":"https:\/\/byggemandblohm.dk\/#\/schema\/logo\/image\/"},"sameAs":["https:\/\/www.facebook.com\/profile.php?id=61574004981826"]}]}},"_links":{"self":[{"href":"https:\/\/byggemandblohm.dk\/index.php\/wp-json\/wp\/v2\/pages\/231","targetHints":{"allow":["GET"]}}],"collection":[{"href":"https:\/\/byggemandblohm.dk\/index.php\/wp-json\/wp\/v2\/pages"}],"about":[{"href":"https:\/\/byggemandblohm.dk\/index.php\/wp-json\/wp\/v2\/types\/page"}],"author":[{"embeddable":true,"href":"https:\/\/byggemandblohm.dk\/index.php\/wp-json\/wp\/v2\/users\/1"}],"replies":[{"embeddable":true,"href":"https:\/\/byggemandblohm.dk\/index.php\/wp-json\/wp\/v2\/comments?post=231"}],"version-history":[{"count":54,"href":"https:\/\/byggemandblohm.dk\/index.php\/wp-json\/wp\/v2\/pages\/231\/revisions"}],"predecessor-version":[{"id":519,"href":"https:\/\/byggemandblohm.dk\/index.php\/wp-json\/wp\/v2\/pages\/231\/revisions\/519"}],"wp:attachment":[{"href":"https:\/\/byggemandblohm.dk\/index.php\/wp-json\/wp\/v2\/media?parent=231"}],"curies":[{"name":"wp","href":"https:\/\/api.w.org\/{rel}","templated":true}]}}