{"id":277,"date":"2024-11-30T08:37:23","date_gmt":"2024-11-30T08:37:23","guid":{"rendered":"https:\/\/byggemandblohm.dk\/?page_id=277"},"modified":"2025-04-28T12:41:01","modified_gmt":"2025-04-28T11:41:01","slug":"donskov-design","status":"publish","type":"page","link":"https:\/\/byggemandblohm.dk\/index.php\/donskov-design\/","title":{"rendered":"Carport"},"content":{"rendered":"\n<p><\/p>\n\n\n\n<figure class=\"wp-block-image size-large is-style-default\"><img loading=\"lazy\" decoding=\"async\" width=\"1024\" height=\"505\" src=\"https:\/\/byggemandblohm.dk\/wp-content\/uploads\/2024\/12\/IMG_3160-ph-cropped-1-1024x505.jpg\" alt=\"\" class=\"wp-image-382\" srcset=\"https:\/\/byggemandblohm.dk\/wp-content\/uploads\/2024\/12\/IMG_3160-ph-cropped-1-1024x505.jpg 1024w, https:\/\/byggemandblohm.dk\/wp-content\/uploads\/2024\/12\/IMG_3160-ph-cropped-1-300x148.jpg 300w, https:\/\/byggemandblohm.dk\/wp-content\/uploads\/2024\/12\/IMG_3160-ph-cropped-1-768x379.jpg 768w, https:\/\/byggemandblohm.dk\/wp-content\/uploads\/2024\/12\/IMG_3160-ph-cropped-1-1536x757.jpg 1536w, https:\/\/byggemandblohm.dk\/wp-content\/uploads\/2024\/12\/IMG_3160-ph-cropped-1.jpg 1540w\" sizes=\"auto, (max-width: 1024px) 100vw, 1024px\" \/><\/figure>\n\n\n\n<p>Vi samarbejder med arkitekt Elin Donskov &#8211; <a href=\"https:\/\/donskov-ark.dk\/\" target=\"_blank\" rel=\"noreferrer noopener\">www.donskov-ark.dk<\/a> og har bl.a. udarbejdet denne carport, affaldskontainerskjuler og t\u00f8rreskur. Men designet kan udvides til ogs\u00e5 at omfatte andre elementer, der passer dig.<\/p>\n\n\n\n<p>Carportens design er tidsl\u00f8st og luftigt, og p\u00e5 trods af hele 56 rummelige m<sup>2<\/sup>, fylder den visuelt ikke s\u00e5 meget.<\/p>\n\n\n\n<p>Carporten kan laves til en eller to biler, med og uden skur\/v\u00e6rksted, alt efter dine \u00f8nsker.<\/p>\n\n\n\n<p>Vi har 4 standartmodeller, men kan lave en der er tilpasset dig. <\/p>\n\n\n\n<p>Her f\u00e5r du et indtryk af st\u00f8rrelse og pris:<\/p>\n\n\n\n<ol class=\"wp-block-list\">\n<li>Stor: 56 m2, med plads til to biler og redskabsrum\/v\u00e6rksted p\u00e5 22 m2. Pris ca. 300.000. (Kr\u00e6ver byggetilladelse)<\/li>\n\n\n\n<li>Mellem: 42 m2 med plads til en bil og redskabsrum\/v\u00e6rksted p\u00e5 22 m2. Pris ca. 270.000<\/li>\n\n\n\n<li>Midste: carport med plads til en bil. Pris ca. 100.000<\/li>\n\n\n\n<li>Den store udgave kan ogs\u00e5 laves uden redskabsrum\/v\u00e6rksted, med plads til 2 biler.<\/li>\n<\/ol>\n\n\n\n<p>Ovenst\u00e5ende priser er vejledende.<\/p>\n\n\n\n<p>Farven bestemmer du selv.<\/p>\n\n\n\n<p><\/p>\n","protected":false},"excerpt":{"rendered":"<p>Vi samarbejder med arkitekt Elin Donskov &#8211; www.donskov-ark.dk og har bl.a. udarbejdet denne carport, affaldskontainerskjuler og t\u00f8rreskur. Men designet kan udvides til ogs\u00e5 at omfatte&hellip;<\/p>\n","protected":false},"author":1,"featured_media":0,"parent":0,"menu_order":0,"comment_status":"closed","ping_status":"closed","template":"","meta":{"footnotes":""},"class_list":["post-277","page","type-page","status-publish","hentry"],"yoast_head":"<!-- This site is optimized with the Yoast SEO plugin v27.6 - https:\/\/yoast.com\/product\/yoast-seo-wordpress\/ -->\n<title>Carport - Byggemand Blohm<\/title>\n<meta name=\"description\" content=\"Har du brug for en handymand, der kan fixe det meste, s\u00e5 ring til mig. Ingen opgave er for lille og skal du have nyt tag, vinduer eller badev\u00e6relse, kan det ogs\u00e5 lade sig g\u00f8re. Tr\u00e6nger haven til en k\u00e6rlig h\u00e5nd eller skal tr\u00e6er og buske besk\u00e6res eller gr\u00e6sset sl\u00e5s, ringer du til mig.\" \/>\n<meta name=\"robots\" content=\"index, follow, max-snippet:-1, max-image-preview:large, max-video-preview:-1\" \/>\n<link rel=\"canonical\" href=\"https:\/\/byggemandblohm.dk\/index.php\/donskov-design\/\" \/>\n<meta property=\"og:locale\" content=\"da_DK\" \/>\n<meta property=\"og:type\" content=\"article\" \/>\n<meta property=\"og:title\" content=\"Carport - Byggemand Blohm\" \/>\n<meta property=\"og:description\" content=\"Har du brug for en handymand, der kan fixe det meste, s\u00e5 ring til mig. Ingen opgave er for lille og skal du have nyt tag, vinduer eller badev\u00e6relse, kan det ogs\u00e5 lade sig g\u00f8re. Tr\u00e6nger haven til en k\u00e6rlig h\u00e5nd eller skal tr\u00e6er og buske besk\u00e6res eller gr\u00e6sset sl\u00e5s, ringer du til mig.\" \/>\n<meta property=\"og:url\" content=\"https:\/\/byggemandblohm.dk\/index.php\/donskov-design\/\" \/>\n<meta property=\"og:site_name\" content=\"Byggemand Blohm\" \/>\n<meta property=\"article:publisher\" content=\"https:\/\/www.facebook.com\/profile.php?id=61574004981826\" \/>\n<meta property=\"article:modified_time\" content=\"2025-04-28T11:41:01+00:00\" \/>\n<meta property=\"og:image\" content=\"https:\/\/byggemandblohm.dk\/wp-content\/uploads\/2024\/12\/IMG_3160-ph-cropped-1.jpg\" \/>\n\t<meta property=\"og:image:width\" content=\"1540\" \/>\n\t<meta property=\"og:image:height\" content=\"759\" \/>\n\t<meta property=\"og:image:type\" content=\"image\/jpeg\" \/>\n<meta name=\"twitter:card\" content=\"summary_large_image\" \/>\n<meta name=\"twitter:label1\" content=\"Estimeret l\u00e6setid\" \/>\n\t<meta name=\"twitter:data1\" content=\"2 minutter\" \/>\n<script type=\"application\/ld+json\" class=\"yoast-schema-graph\">{\"@context\":\"https:\\\/\\\/schema.org\",\"@graph\":[{\"@type\":\"WebPage\",\"@id\":\"https:\\\/\\\/byggemandblohm.dk\\\/index.php\\\/donskov-design\\\/\",\"url\":\"https:\\\/\\\/byggemandblohm.dk\\\/index.php\\\/donskov-design\\\/\",\"name\":\"Carport - Byggemand Blohm\",\"isPartOf\":{\"@id\":\"https:\\\/\\\/byggemandblohm.dk\\\/#website\"},\"primaryImageOfPage\":{\"@id\":\"https:\\\/\\\/byggemandblohm.dk\\\/index.php\\\/donskov-design\\\/#primaryimage\"},\"image\":{\"@id\":\"https:\\\/\\\/byggemandblohm.dk\\\/index.php\\\/donskov-design\\\/#primaryimage\"},\"thumbnailUrl\":\"https:\\\/\\\/byggemandblohm.dk\\\/wp-content\\\/uploads\\\/2024\\\/12\\\/IMG_3160-ph-cropped-1-1024x505.jpg\",\"datePublished\":\"2024-11-30T08:37:23+00:00\",\"dateModified\":\"2025-04-28T11:41:01+00:00\",\"description\":\"Har du brug for en handymand, der kan fixe det meste, s\u00e5 ring til mig. Ingen opgave er for lille og skal du have nyt tag, vinduer eller badev\u00e6relse, kan det ogs\u00e5 lade sig g\u00f8re. Tr\u00e6nger haven til en k\u00e6rlig h\u00e5nd eller skal tr\u00e6er og buske besk\u00e6res eller gr\u00e6sset sl\u00e5s, ringer du til mig.\",\"breadcrumb\":{\"@id\":\"https:\\\/\\\/byggemandblohm.dk\\\/index.php\\\/donskov-design\\\/#breadcrumb\"},\"inLanguage\":\"da-DK\",\"potentialAction\":[{\"@type\":\"ReadAction\",\"target\":[\"https:\\\/\\\/byggemandblohm.dk\\\/index.php\\\/donskov-design\\\/\"]}]},{\"@type\":\"ImageObject\",\"inLanguage\":\"da-DK\",\"@id\":\"https:\\\/\\\/byggemandblohm.dk\\\/index.php\\\/donskov-design\\\/#primaryimage\",\"url\":\"https:\\\/\\\/byggemandblohm.dk\\\/wp-content\\\/uploads\\\/2024\\\/12\\\/IMG_3160-ph-cropped-1.jpg\",\"contentUrl\":\"https:\\\/\\\/byggemandblohm.dk\\\/wp-content\\\/uploads\\\/2024\\\/12\\\/IMG_3160-ph-cropped-1.jpg\",\"width\":1540,\"height\":759,\"caption\":\"Carport med plads til to biler og skur til f.eks. v\u00e6rksted\"},{\"@type\":\"BreadcrumbList\",\"@id\":\"https:\\\/\\\/byggemandblohm.dk\\\/index.php\\\/donskov-design\\\/#breadcrumb\",\"itemListElement\":[{\"@type\":\"ListItem\",\"position\":1,\"name\":\"Hjem\",\"item\":\"https:\\\/\\\/byggemandblohm.dk\\\/\"},{\"@type\":\"ListItem\",\"position\":2,\"name\":\"Carport\"}]},{\"@type\":\"WebSite\",\"@id\":\"https:\\\/\\\/byggemandblohm.dk\\\/#website\",\"url\":\"https:\\\/\\\/byggemandblohm.dk\\\/\",\"name\":\"Byggemand Blohm\",\"description\":\"Vi er hurtige, effektive og holder aftaler \u2013 ring allerede i dag p\u00e5 tlf. 2015 6124\",\"publisher\":{\"@id\":\"https:\\\/\\\/byggemandblohm.dk\\\/#organization\"},\"alternateName\":\"Handyman i Brabrand\",\"potentialAction\":[{\"@type\":\"SearchAction\",\"target\":{\"@type\":\"EntryPoint\",\"urlTemplate\":\"https:\\\/\\\/byggemandblohm.dk\\\/?s={search_term_string}\"},\"query-input\":{\"@type\":\"PropertyValueSpecification\",\"valueRequired\":true,\"valueName\":\"search_term_string\"}}],\"inLanguage\":\"da-DK\"},{\"@type\":\"Organization\",\"@id\":\"https:\\\/\\\/byggemandblohm.dk\\\/#organization\",\"name\":\"Byggemand Blohm\",\"alternateName\":\"Handyman i Brabrand\",\"url\":\"https:\\\/\\\/byggemandblohm.dk\\\/\",\"logo\":{\"@type\":\"ImageObject\",\"inLanguage\":\"da-DK\",\"@id\":\"https:\\\/\\\/byggemandblohm.dk\\\/#\\\/schema\\\/logo\\\/image\\\/\",\"url\":\"https:\\\/\\\/byggemandblohm.dk\\\/wp-content\\\/uploads\\\/2024\\\/12\\\/cropped-Logo-ver-10-short-1.png\",\"contentUrl\":\"https:\\\/\\\/byggemandblohm.dk\\\/wp-content\\\/uploads\\\/2024\\\/12\\\/cropped-Logo-ver-10-short-1.png\",\"width\":205,\"height\":205,\"caption\":\"Byggemand Blohm\"},\"image\":{\"@id\":\"https:\\\/\\\/byggemandblohm.dk\\\/#\\\/schema\\\/logo\\\/image\\\/\"},\"sameAs\":[\"https:\\\/\\\/www.facebook.com\\\/profile.php?id=61574004981826\"]}]}<\/script>\n<!-- \/ Yoast SEO plugin. -->","yoast_head_json":{"title":"Carport - Byggemand Blohm","description":"Har du brug for en handymand, der kan fixe det meste, s\u00e5 ring til mig. Ingen opgave er for lille og skal du have nyt tag, vinduer eller badev\u00e6relse, kan det ogs\u00e5 lade sig g\u00f8re. Tr\u00e6nger haven til en k\u00e6rlig h\u00e5nd eller skal tr\u00e6er og buske besk\u00e6res eller gr\u00e6sset sl\u00e5s, ringer du til mig.","robots":{"index":"index","follow":"follow","max-snippet":"max-snippet:-1","max-image-preview":"max-image-preview:large","max-video-preview":"max-video-preview:-1"},"canonical":"https:\/\/byggemandblohm.dk\/index.php\/donskov-design\/","og_locale":"da_DK","og_type":"article","og_title":"Carport - Byggemand Blohm","og_description":"Har du brug for en handymand, der kan fixe det meste, s\u00e5 ring til mig. Ingen opgave er for lille og skal du have nyt tag, vinduer eller badev\u00e6relse, kan det ogs\u00e5 lade sig g\u00f8re. Tr\u00e6nger haven til en k\u00e6rlig h\u00e5nd eller skal tr\u00e6er og buske besk\u00e6res eller gr\u00e6sset sl\u00e5s, ringer du til mig.","og_url":"https:\/\/byggemandblohm.dk\/index.php\/donskov-design\/","og_site_name":"Byggemand Blohm","article_publisher":"https:\/\/www.facebook.com\/profile.php?id=61574004981826","article_modified_time":"2025-04-28T11:41:01+00:00","og_image":[{"width":1540,"height":759,"url":"https:\/\/byggemandblohm.dk\/wp-content\/uploads\/2024\/12\/IMG_3160-ph-cropped-1.jpg","type":"image\/jpeg"}],"twitter_card":"summary_large_image","twitter_misc":{"Estimeret l\u00e6setid":"2 minutter"},"schema":{"@context":"https:\/\/schema.org","@graph":[{"@type":"WebPage","@id":"https:\/\/byggemandblohm.dk\/index.php\/donskov-design\/","url":"https:\/\/byggemandblohm.dk\/index.php\/donskov-design\/","name":"Carport - Byggemand Blohm","isPartOf":{"@id":"https:\/\/byggemandblohm.dk\/#website"},"primaryImageOfPage":{"@id":"https:\/\/byggemandblohm.dk\/index.php\/donskov-design\/#primaryimage"},"image":{"@id":"https:\/\/byggemandblohm.dk\/index.php\/donskov-design\/#primaryimage"},"thumbnailUrl":"https:\/\/byggemandblohm.dk\/wp-content\/uploads\/2024\/12\/IMG_3160-ph-cropped-1-1024x505.jpg","datePublished":"2024-11-30T08:37:23+00:00","dateModified":"2025-04-28T11:41:01+00:00","description":"Har du brug for en handymand, der kan fixe det meste, s\u00e5 ring til mig. Ingen opgave er for lille og skal du have nyt tag, vinduer eller badev\u00e6relse, kan det ogs\u00e5 lade sig g\u00f8re. Tr\u00e6nger haven til en k\u00e6rlig h\u00e5nd eller skal tr\u00e6er og buske besk\u00e6res eller gr\u00e6sset sl\u00e5s, ringer du til mig.","breadcrumb":{"@id":"https:\/\/byggemandblohm.dk\/index.php\/donskov-design\/#breadcrumb"},"inLanguage":"da-DK","potentialAction":[{"@type":"ReadAction","target":["https:\/\/byggemandblohm.dk\/index.php\/donskov-design\/"]}]},{"@type":"ImageObject","inLanguage":"da-DK","@id":"https:\/\/byggemandblohm.dk\/index.php\/donskov-design\/#primaryimage","url":"https:\/\/byggemandblohm.dk\/wp-content\/uploads\/2024\/12\/IMG_3160-ph-cropped-1.jpg","contentUrl":"https:\/\/byggemandblohm.dk\/wp-content\/uploads\/2024\/12\/IMG_3160-ph-cropped-1.jpg","width":1540,"height":759,"caption":"Carport med plads til to biler og skur til f.eks. v\u00e6rksted"},{"@type":"BreadcrumbList","@id":"https:\/\/byggemandblohm.dk\/index.php\/donskov-design\/#breadcrumb","itemListElement":[{"@type":"ListItem","position":1,"name":"Hjem","item":"https:\/\/byggemandblohm.dk\/"},{"@type":"ListItem","position":2,"name":"Carport"}]},{"@type":"WebSite","@id":"https:\/\/byggemandblohm.dk\/#website","url":"https:\/\/byggemandblohm.dk\/","name":"Byggemand Blohm","description":"Vi er hurtige, effektive og holder aftaler \u2013 ring allerede i dag p\u00e5 tlf. 2015 6124","publisher":{"@id":"https:\/\/byggemandblohm.dk\/#organization"},"alternateName":"Handyman i Brabrand","potentialAction":[{"@type":"SearchAction","target":{"@type":"EntryPoint","urlTemplate":"https:\/\/byggemandblohm.dk\/?s={search_term_string}"},"query-input":{"@type":"PropertyValueSpecification","valueRequired":true,"valueName":"search_term_string"}}],"inLanguage":"da-DK"},{"@type":"Organization","@id":"https:\/\/byggemandblohm.dk\/#organization","name":"Byggemand Blohm","alternateName":"Handyman i Brabrand","url":"https:\/\/byggemandblohm.dk\/","logo":{"@type":"ImageObject","inLanguage":"da-DK","@id":"https:\/\/byggemandblohm.dk\/#\/schema\/logo\/image\/","url":"https:\/\/byggemandblohm.dk\/wp-content\/uploads\/2024\/12\/cropped-Logo-ver-10-short-1.png","contentUrl":"https:\/\/byggemandblohm.dk\/wp-content\/uploads\/2024\/12\/cropped-Logo-ver-10-short-1.png","width":205,"height":205,"caption":"Byggemand Blohm"},"image":{"@id":"https:\/\/byggemandblohm.dk\/#\/schema\/logo\/image\/"},"sameAs":["https:\/\/www.facebook.com\/profile.php?id=61574004981826"]}]}},"_links":{"self":[{"href":"https:\/\/byggemandblohm.dk\/index.php\/wp-json\/wp\/v2\/pages\/277","targetHints":{"allow":["GET"]}}],"collection":[{"href":"https:\/\/byggemandblohm.dk\/index.php\/wp-json\/wp\/v2\/pages"}],"about":[{"href":"https:\/\/byggemandblohm.dk\/index.php\/wp-json\/wp\/v2\/types\/page"}],"author":[{"embeddable":true,"href":"https:\/\/byggemandblohm.dk\/index.php\/wp-json\/wp\/v2\/users\/1"}],"replies":[{"embeddable":true,"href":"https:\/\/byggemandblohm.dk\/index.php\/wp-json\/wp\/v2\/comments?post=277"}],"version-history":[{"count":21,"href":"https:\/\/byggemandblohm.dk\/index.php\/wp-json\/wp\/v2\/pages\/277\/revisions"}],"predecessor-version":[{"id":535,"href":"https:\/\/byggemandblohm.dk\/index.php\/wp-json\/wp\/v2\/pages\/277\/revisions\/535"}],"wp:attachment":[{"href":"https:\/\/byggemandblohm.dk\/index.php\/wp-json\/wp\/v2\/media?parent=277"}],"curies":[{"name":"wp","href":"https:\/\/api.w.org\/{rel}","templated":true}]}}