{"id":389,"date":"2024-12-04T09:03:22","date_gmt":"2024-12-04T09:03:22","guid":{"rendered":"https:\/\/byggemandblohm.dk\/?page_id=389"},"modified":"2025-04-28T12:41:50","modified_gmt":"2025-04-28T11:41:50","slug":"om-os","status":"publish","type":"page","link":"https:\/\/byggemandblohm.dk\/index.php\/om-os\/","title":{"rendered":"Om os"},"content":{"rendered":"\n<div class=\"wp-block-columns is-layout-flex wp-container-core-columns-is-layout-9d6595d7 wp-block-columns-is-layout-flex\">\n<div class=\"wp-block-column is-layout-flow wp-block-column-is-layout-flow\">\n<p>Efter et langt og hektisk arbejdsliv med flere topposter, er det nu blevet tid til at bestemme selv. Jeg har altid synes det var sjovt at bygge, lige fra sm\u00e5reparationer til totalrenoveringer. I gennem \u00e5rene har jeg totalrenoveret 4-5 huse i fritiden. Udover egne evner som h\u00e5ndv\u00e6rker og altmuligmand, samarbejder vi med Skejby T\u00f8mrer og Snedker og andre firmaer som f.eks. vvs\u2019ere eller elektrikere, n\u00e5r det er n\u00f8dvendigt.<\/p>\n<\/div>\n\n\n\n<div class=\"wp-block-column is-layout-flow wp-block-column-is-layout-flow\">\n<figure class=\"wp-block-image size-large\"><img loading=\"lazy\" decoding=\"async\" width=\"1024\" height=\"1014\" src=\"https:\/\/byggemandblohm.dk\/wp-content\/uploads\/2024\/11\/DSC00697-1-cropped-1024x1014.jpg\" alt=\"\" class=\"wp-image-265\" srcset=\"https:\/\/byggemandblohm.dk\/wp-content\/uploads\/2024\/11\/DSC00697-1-cropped-1024x1014.jpg 1024w, https:\/\/byggemandblohm.dk\/wp-content\/uploads\/2024\/11\/DSC00697-1-cropped-300x297.jpg 300w, https:\/\/byggemandblohm.dk\/wp-content\/uploads\/2024\/11\/DSC00697-1-cropped-150x150.jpg 150w, https:\/\/byggemandblohm.dk\/wp-content\/uploads\/2024\/11\/DSC00697-1-cropped-768x761.jpg 768w, https:\/\/byggemandblohm.dk\/wp-content\/uploads\/2024\/11\/DSC00697-1-cropped-1536x1521.jpg 1536w, https:\/\/byggemandblohm.dk\/wp-content\/uploads\/2024\/11\/DSC00697-1-cropped.jpg 1975w\" sizes=\"auto, (max-width: 1024px) 100vw, 1024px\" \/><\/figure>\n<\/div>\n<\/div>\n","protected":false},"excerpt":{"rendered":"<p>Efter et langt og hektisk arbejdsliv med flere topposter, er det nu blevet tid til at bestemme selv. Jeg har altid synes det var sjovt&hellip;<\/p>\n","protected":false},"author":1,"featured_media":0,"parent":0,"menu_order":0,"comment_status":"closed","ping_status":"closed","template":"","meta":{"footnotes":""},"class_list":["post-389","page","type-page","status-publish","hentry"],"yoast_head":"<!-- This site is optimized with the Yoast SEO plugin v27.6 - https:\/\/yoast.com\/product\/yoast-seo-wordpress\/ -->\n<title>Om os - Byggemand Blohm<\/title>\n<meta name=\"description\" content=\"Har du brug for en handymand, der kan fixe det meste, s\u00e5 ring til mig. Ingen opgave er for lille og skal du have nyt tag, vinduer eller badev\u00e6relse, kan det ogs\u00e5 lade sig g\u00f8re. Tr\u00e6nger haven til en k\u00e6rlig h\u00e5nd eller skal tr\u00e6er og buske besk\u00e6res eller gr\u00e6sset sl\u00e5s, ringer du til mig.\" \/>\n<meta name=\"robots\" content=\"index, follow, max-snippet:-1, max-image-preview:large, max-video-preview:-1\" \/>\n<link rel=\"canonical\" href=\"https:\/\/byggemandblohm.dk\/index.php\/om-os\/\" \/>\n<meta property=\"og:locale\" content=\"da_DK\" \/>\n<meta property=\"og:type\" content=\"article\" \/>\n<meta property=\"og:title\" content=\"Om os - Byggemand Blohm\" \/>\n<meta property=\"og:description\" content=\"Har du brug for en handymand, der kan fixe det meste, s\u00e5 ring til mig. Ingen opgave er for lille og skal du have nyt tag, vinduer eller badev\u00e6relse, kan det ogs\u00e5 lade sig g\u00f8re. Tr\u00e6nger haven til en k\u00e6rlig h\u00e5nd eller skal tr\u00e6er og buske besk\u00e6res eller gr\u00e6sset sl\u00e5s, ringer du til mig.\" \/>\n<meta property=\"og:url\" content=\"https:\/\/byggemandblohm.dk\/index.php\/om-os\/\" \/>\n<meta property=\"og:site_name\" content=\"Byggemand Blohm\" \/>\n<meta property=\"article:publisher\" content=\"https:\/\/www.facebook.com\/profile.php?id=61574004981826\" \/>\n<meta property=\"article:modified_time\" content=\"2025-04-28T11:41:50+00:00\" \/>\n<meta property=\"og:image\" content=\"https:\/\/byggemandblohm.dk\/wp-content\/uploads\/2024\/11\/DSC00697-1-cropped-1024x1014.jpg\" \/>\n\t<meta property=\"og:image:width\" content=\"1024\" \/>\n\t<meta property=\"og:image:height\" content=\"1014\" \/>\n\t<meta property=\"og:image:type\" content=\"image\/jpeg\" \/>\n<meta name=\"twitter:card\" content=\"summary_large_image\" \/>\n<meta name=\"twitter:label1\" content=\"Estimeret l\u00e6setid\" \/>\n\t<meta name=\"twitter:data1\" content=\"1 minut\" \/>\n<script type=\"application\/ld+json\" class=\"yoast-schema-graph\">{\"@context\":\"https:\\\/\\\/schema.org\",\"@graph\":[{\"@type\":\"WebPage\",\"@id\":\"https:\\\/\\\/byggemandblohm.dk\\\/index.php\\\/om-os\\\/\",\"url\":\"https:\\\/\\\/byggemandblohm.dk\\\/index.php\\\/om-os\\\/\",\"name\":\"Om os - Byggemand Blohm\",\"isPartOf\":{\"@id\":\"https:\\\/\\\/byggemandblohm.dk\\\/#website\"},\"primaryImageOfPage\":{\"@id\":\"https:\\\/\\\/byggemandblohm.dk\\\/index.php\\\/om-os\\\/#primaryimage\"},\"image\":{\"@id\":\"https:\\\/\\\/byggemandblohm.dk\\\/index.php\\\/om-os\\\/#primaryimage\"},\"thumbnailUrl\":\"https:\\\/\\\/byggemandblohm.dk\\\/wp-content\\\/uploads\\\/2024\\\/11\\\/DSC00697-1-cropped-1024x1014.jpg\",\"datePublished\":\"2024-12-04T09:03:22+00:00\",\"dateModified\":\"2025-04-28T11:41:50+00:00\",\"description\":\"Har du brug for en handymand, der kan fixe det meste, s\u00e5 ring til mig. Ingen opgave er for lille og skal du have nyt tag, vinduer eller badev\u00e6relse, kan det ogs\u00e5 lade sig g\u00f8re. Tr\u00e6nger haven til en k\u00e6rlig h\u00e5nd eller skal tr\u00e6er og buske besk\u00e6res eller gr\u00e6sset sl\u00e5s, ringer du til mig.\",\"breadcrumb\":{\"@id\":\"https:\\\/\\\/byggemandblohm.dk\\\/index.php\\\/om-os\\\/#breadcrumb\"},\"inLanguage\":\"da-DK\",\"potentialAction\":[{\"@type\":\"ReadAction\",\"target\":[\"https:\\\/\\\/byggemandblohm.dk\\\/index.php\\\/om-os\\\/\"]}]},{\"@type\":\"ImageObject\",\"inLanguage\":\"da-DK\",\"@id\":\"https:\\\/\\\/byggemandblohm.dk\\\/index.php\\\/om-os\\\/#primaryimage\",\"url\":\"https:\\\/\\\/byggemandblohm.dk\\\/wp-content\\\/uploads\\\/2024\\\/11\\\/DSC00697-1-cropped.jpg\",\"contentUrl\":\"https:\\\/\\\/byggemandblohm.dk\\\/wp-content\\\/uploads\\\/2024\\\/11\\\/DSC00697-1-cropped.jpg\",\"width\":1975,\"height\":1956,\"caption\":\"Byggemand Bob - \u00f8h Blohm\"},{\"@type\":\"BreadcrumbList\",\"@id\":\"https:\\\/\\\/byggemandblohm.dk\\\/index.php\\\/om-os\\\/#breadcrumb\",\"itemListElement\":[{\"@type\":\"ListItem\",\"position\":1,\"name\":\"Hjem\",\"item\":\"https:\\\/\\\/byggemandblohm.dk\\\/\"},{\"@type\":\"ListItem\",\"position\":2,\"name\":\"Om os\"}]},{\"@type\":\"WebSite\",\"@id\":\"https:\\\/\\\/byggemandblohm.dk\\\/#website\",\"url\":\"https:\\\/\\\/byggemandblohm.dk\\\/\",\"name\":\"Byggemand Blohm\",\"description\":\"Vi er hurtige, effektive og holder aftaler \u2013 ring allerede i dag p\u00e5 tlf. 2015 6124\",\"publisher\":{\"@id\":\"https:\\\/\\\/byggemandblohm.dk\\\/#organization\"},\"alternateName\":\"Handyman i Brabrand\",\"potentialAction\":[{\"@type\":\"SearchAction\",\"target\":{\"@type\":\"EntryPoint\",\"urlTemplate\":\"https:\\\/\\\/byggemandblohm.dk\\\/?s={search_term_string}\"},\"query-input\":{\"@type\":\"PropertyValueSpecification\",\"valueRequired\":true,\"valueName\":\"search_term_string\"}}],\"inLanguage\":\"da-DK\"},{\"@type\":\"Organization\",\"@id\":\"https:\\\/\\\/byggemandblohm.dk\\\/#organization\",\"name\":\"Byggemand Blohm\",\"alternateName\":\"Handyman i Brabrand\",\"url\":\"https:\\\/\\\/byggemandblohm.dk\\\/\",\"logo\":{\"@type\":\"ImageObject\",\"inLanguage\":\"da-DK\",\"@id\":\"https:\\\/\\\/byggemandblohm.dk\\\/#\\\/schema\\\/logo\\\/image\\\/\",\"url\":\"https:\\\/\\\/byggemandblohm.dk\\\/wp-content\\\/uploads\\\/2024\\\/12\\\/cropped-Logo-ver-10-short-1.png\",\"contentUrl\":\"https:\\\/\\\/byggemandblohm.dk\\\/wp-content\\\/uploads\\\/2024\\\/12\\\/cropped-Logo-ver-10-short-1.png\",\"width\":205,\"height\":205,\"caption\":\"Byggemand Blohm\"},\"image\":{\"@id\":\"https:\\\/\\\/byggemandblohm.dk\\\/#\\\/schema\\\/logo\\\/image\\\/\"},\"sameAs\":[\"https:\\\/\\\/www.facebook.com\\\/profile.php?id=61574004981826\"]}]}<\/script>\n<!-- \/ Yoast SEO plugin. -->","yoast_head_json":{"title":"Om os - Byggemand Blohm","description":"Har du brug for en handymand, der kan fixe det meste, s\u00e5 ring til mig. Ingen opgave er for lille og skal du have nyt tag, vinduer eller badev\u00e6relse, kan det ogs\u00e5 lade sig g\u00f8re. Tr\u00e6nger haven til en k\u00e6rlig h\u00e5nd eller skal tr\u00e6er og buske besk\u00e6res eller gr\u00e6sset sl\u00e5s, ringer du til mig.","robots":{"index":"index","follow":"follow","max-snippet":"max-snippet:-1","max-image-preview":"max-image-preview:large","max-video-preview":"max-video-preview:-1"},"canonical":"https:\/\/byggemandblohm.dk\/index.php\/om-os\/","og_locale":"da_DK","og_type":"article","og_title":"Om os - Byggemand Blohm","og_description":"Har du brug for en handymand, der kan fixe det meste, s\u00e5 ring til mig. Ingen opgave er for lille og skal du have nyt tag, vinduer eller badev\u00e6relse, kan det ogs\u00e5 lade sig g\u00f8re. Tr\u00e6nger haven til en k\u00e6rlig h\u00e5nd eller skal tr\u00e6er og buske besk\u00e6res eller gr\u00e6sset sl\u00e5s, ringer du til mig.","og_url":"https:\/\/byggemandblohm.dk\/index.php\/om-os\/","og_site_name":"Byggemand Blohm","article_publisher":"https:\/\/www.facebook.com\/profile.php?id=61574004981826","article_modified_time":"2025-04-28T11:41:50+00:00","og_image":[{"width":1024,"height":1014,"url":"https:\/\/byggemandblohm.dk\/wp-content\/uploads\/2024\/11\/DSC00697-1-cropped-1024x1014.jpg","type":"image\/jpeg"}],"twitter_card":"summary_large_image","twitter_misc":{"Estimeret l\u00e6setid":"1 minut"},"schema":{"@context":"https:\/\/schema.org","@graph":[{"@type":"WebPage","@id":"https:\/\/byggemandblohm.dk\/index.php\/om-os\/","url":"https:\/\/byggemandblohm.dk\/index.php\/om-os\/","name":"Om os - Byggemand Blohm","isPartOf":{"@id":"https:\/\/byggemandblohm.dk\/#website"},"primaryImageOfPage":{"@id":"https:\/\/byggemandblohm.dk\/index.php\/om-os\/#primaryimage"},"image":{"@id":"https:\/\/byggemandblohm.dk\/index.php\/om-os\/#primaryimage"},"thumbnailUrl":"https:\/\/byggemandblohm.dk\/wp-content\/uploads\/2024\/11\/DSC00697-1-cropped-1024x1014.jpg","datePublished":"2024-12-04T09:03:22+00:00","dateModified":"2025-04-28T11:41:50+00:00","description":"Har du brug for en handymand, der kan fixe det meste, s\u00e5 ring til mig. Ingen opgave er for lille og skal du have nyt tag, vinduer eller badev\u00e6relse, kan det ogs\u00e5 lade sig g\u00f8re. Tr\u00e6nger haven til en k\u00e6rlig h\u00e5nd eller skal tr\u00e6er og buske besk\u00e6res eller gr\u00e6sset sl\u00e5s, ringer du til mig.","breadcrumb":{"@id":"https:\/\/byggemandblohm.dk\/index.php\/om-os\/#breadcrumb"},"inLanguage":"da-DK","potentialAction":[{"@type":"ReadAction","target":["https:\/\/byggemandblohm.dk\/index.php\/om-os\/"]}]},{"@type":"ImageObject","inLanguage":"da-DK","@id":"https:\/\/byggemandblohm.dk\/index.php\/om-os\/#primaryimage","url":"https:\/\/byggemandblohm.dk\/wp-content\/uploads\/2024\/11\/DSC00697-1-cropped.jpg","contentUrl":"https:\/\/byggemandblohm.dk\/wp-content\/uploads\/2024\/11\/DSC00697-1-cropped.jpg","width":1975,"height":1956,"caption":"Byggemand Bob - \u00f8h Blohm"},{"@type":"BreadcrumbList","@id":"https:\/\/byggemandblohm.dk\/index.php\/om-os\/#breadcrumb","itemListElement":[{"@type":"ListItem","position":1,"name":"Hjem","item":"https:\/\/byggemandblohm.dk\/"},{"@type":"ListItem","position":2,"name":"Om os"}]},{"@type":"WebSite","@id":"https:\/\/byggemandblohm.dk\/#website","url":"https:\/\/byggemandblohm.dk\/","name":"Byggemand Blohm","description":"Vi er hurtige, effektive og holder aftaler \u2013 ring allerede i dag p\u00e5 tlf. 2015 6124","publisher":{"@id":"https:\/\/byggemandblohm.dk\/#organization"},"alternateName":"Handyman i Brabrand","potentialAction":[{"@type":"SearchAction","target":{"@type":"EntryPoint","urlTemplate":"https:\/\/byggemandblohm.dk\/?s={search_term_string}"},"query-input":{"@type":"PropertyValueSpecification","valueRequired":true,"valueName":"search_term_string"}}],"inLanguage":"da-DK"},{"@type":"Organization","@id":"https:\/\/byggemandblohm.dk\/#organization","name":"Byggemand Blohm","alternateName":"Handyman i Brabrand","url":"https:\/\/byggemandblohm.dk\/","logo":{"@type":"ImageObject","inLanguage":"da-DK","@id":"https:\/\/byggemandblohm.dk\/#\/schema\/logo\/image\/","url":"https:\/\/byggemandblohm.dk\/wp-content\/uploads\/2024\/12\/cropped-Logo-ver-10-short-1.png","contentUrl":"https:\/\/byggemandblohm.dk\/wp-content\/uploads\/2024\/12\/cropped-Logo-ver-10-short-1.png","width":205,"height":205,"caption":"Byggemand Blohm"},"image":{"@id":"https:\/\/byggemandblohm.dk\/#\/schema\/logo\/image\/"},"sameAs":["https:\/\/www.facebook.com\/profile.php?id=61574004981826"]}]}},"_links":{"self":[{"href":"https:\/\/byggemandblohm.dk\/index.php\/wp-json\/wp\/v2\/pages\/389","targetHints":{"allow":["GET"]}}],"collection":[{"href":"https:\/\/byggemandblohm.dk\/index.php\/wp-json\/wp\/v2\/pages"}],"about":[{"href":"https:\/\/byggemandblohm.dk\/index.php\/wp-json\/wp\/v2\/types\/page"}],"author":[{"embeddable":true,"href":"https:\/\/byggemandblohm.dk\/index.php\/wp-json\/wp\/v2\/users\/1"}],"replies":[{"embeddable":true,"href":"https:\/\/byggemandblohm.dk\/index.php\/wp-json\/wp\/v2\/comments?post=389"}],"version-history":[{"count":2,"href":"https:\/\/byggemandblohm.dk\/index.php\/wp-json\/wp\/v2\/pages\/389\/revisions"}],"predecessor-version":[{"id":497,"href":"https:\/\/byggemandblohm.dk\/index.php\/wp-json\/wp\/v2\/pages\/389\/revisions\/497"}],"wp:attachment":[{"href":"https:\/\/byggemandblohm.dk\/index.php\/wp-json\/wp\/v2\/media?parent=389"}],"curies":[{"name":"wp","href":"https:\/\/api.w.org\/{rel}","templated":true}]}}