{"id":553,"date":"2026-03-12T08:57:40","date_gmt":"2026-03-12T07:57:40","guid":{"rendered":"https:\/\/byggemandblohm.dk\/?page_id=553"},"modified":"2026-03-12T08:59:36","modified_gmt":"2026-03-12T07:59:36","slug":"orangeri-den-perfekte-maade-at-forlaenge-sommeren-paa","status":"publish","type":"page","link":"https:\/\/byggemandblohm.dk\/index.php\/orangeri-den-perfekte-maade-at-forlaenge-sommeren-paa\/","title":{"rendered":"Orangeri &#8211; den perfekte m\u00e5de at forl\u00e6nge sommeren p\u00e5"},"content":{"rendered":"\n<p class=\"has-x-large-font-size\">Orangeriet er den perfekte m\u00e5de at forl\u00e6nge sommeren p\u00e5<\/p>\n\n\n\n<figure class=\"wp-block-image size-large\"><img loading=\"lazy\" decoding=\"async\" width=\"1024\" height=\"768\" src=\"https:\/\/byggemandblohm.dk\/wp-content\/uploads\/2026\/03\/IMG_0935-1024x768.jpeg\" alt=\"\" class=\"wp-image-554\" srcset=\"https:\/\/byggemandblohm.dk\/wp-content\/uploads\/2026\/03\/IMG_0935-1024x768.jpeg 1024w, https:\/\/byggemandblohm.dk\/wp-content\/uploads\/2026\/03\/IMG_0935-300x225.jpeg 300w, https:\/\/byggemandblohm.dk\/wp-content\/uploads\/2026\/03\/IMG_0935-768x576.jpeg 768w, https:\/\/byggemandblohm.dk\/wp-content\/uploads\/2026\/03\/IMG_0935-1536x1152.jpeg 1536w, https:\/\/byggemandblohm.dk\/wp-content\/uploads\/2026\/03\/IMG_0935.jpeg 2048w\" sizes=\"auto, (max-width: 1024px) 100vw, 1024px\" \/><\/figure>\n\n\n\n<figure class=\"wp-block-image size-large\"><img loading=\"lazy\" decoding=\"async\" width=\"768\" height=\"1024\" src=\"https:\/\/byggemandblohm.dk\/wp-content\/uploads\/2026\/03\/IMG_0929-768x1024.jpeg\" alt=\"\" class=\"wp-image-555\" srcset=\"https:\/\/byggemandblohm.dk\/wp-content\/uploads\/2026\/03\/IMG_0929-768x1024.jpeg 768w, https:\/\/byggemandblohm.dk\/wp-content\/uploads\/2026\/03\/IMG_0929-225x300.jpeg 225w, https:\/\/byggemandblohm.dk\/wp-content\/uploads\/2026\/03\/IMG_0929-1152x1536.jpeg 1152w, https:\/\/byggemandblohm.dk\/wp-content\/uploads\/2026\/03\/IMG_0929.jpeg 1536w\" sizes=\"auto, (max-width: 768px) 100vw, 768px\" \/><\/figure>\n\n\n\n<figure class=\"wp-block-image size-large\"><img loading=\"lazy\" decoding=\"async\" width=\"1024\" height=\"768\" src=\"https:\/\/byggemandblohm.dk\/wp-content\/uploads\/2026\/03\/IMG_0936-1024x768.jpeg\" alt=\"\" class=\"wp-image-556\" srcset=\"https:\/\/byggemandblohm.dk\/wp-content\/uploads\/2026\/03\/IMG_0936-1024x768.jpeg 1024w, https:\/\/byggemandblohm.dk\/wp-content\/uploads\/2026\/03\/IMG_0936-300x225.jpeg 300w, https:\/\/byggemandblohm.dk\/wp-content\/uploads\/2026\/03\/IMG_0936-768x576.jpeg 768w, https:\/\/byggemandblohm.dk\/wp-content\/uploads\/2026\/03\/IMG_0936-1536x1152.jpeg 1536w, https:\/\/byggemandblohm.dk\/wp-content\/uploads\/2026\/03\/IMG_0936.jpeg 2048w\" sizes=\"auto, (max-width: 1024px) 100vw, 1024px\" \/><\/figure>\n\n\n\n<p><\/p>\n","protected":false},"excerpt":{"rendered":"<p>Orangeriet er den perfekte m\u00e5de at forl\u00e6nge sommeren p\u00e5<\/p>\n","protected":false},"author":1,"featured_media":0,"parent":0,"menu_order":0,"comment_status":"closed","ping_status":"closed","template":"","meta":{"footnotes":""},"class_list":["post-553","page","type-page","status-publish","hentry"],"yoast_head":"<!-- This site is optimized with the Yoast SEO plugin v27.6 - https:\/\/yoast.com\/product\/yoast-seo-wordpress\/ -->\n<title>Orangeri - den perfekte m\u00e5de at forl\u00e6nge sommeren p\u00e5 - Byggemand Blohm<\/title>\n<meta name=\"description\" content=\"Har du brug for en handymand, der kan fixe det meste, s\u00e5 ring til mig. Ingen opgave er for lille og skal du have nyt tag, vinduer eller badev\u00e6relse, kan det ogs\u00e5 lade sig g\u00f8re. Tr\u00e6nger haven til en k\u00e6rlig h\u00e5nd eller skal tr\u00e6er og buske besk\u00e6res eller gr\u00e6sset sl\u00e5s, ringer du til mig.\" \/>\n<meta name=\"robots\" content=\"index, follow, max-snippet:-1, max-image-preview:large, max-video-preview:-1\" \/>\n<link rel=\"canonical\" href=\"https:\/\/byggemandblohm.dk\/index.php\/orangeri-den-perfekte-maade-at-forlaenge-sommeren-paa\/\" \/>\n<meta property=\"og:locale\" content=\"da_DK\" \/>\n<meta property=\"og:type\" content=\"article\" \/>\n<meta property=\"og:title\" content=\"Orangeri - den perfekte m\u00e5de at forl\u00e6nge sommeren p\u00e5 - Byggemand Blohm\" \/>\n<meta property=\"og:description\" content=\"Har du brug for en handymand, der kan fixe det meste, s\u00e5 ring til mig. Ingen opgave er for lille og skal du have nyt tag, vinduer eller badev\u00e6relse, kan det ogs\u00e5 lade sig g\u00f8re. Tr\u00e6nger haven til en k\u00e6rlig h\u00e5nd eller skal tr\u00e6er og buske besk\u00e6res eller gr\u00e6sset sl\u00e5s, ringer du til mig.\" \/>\n<meta property=\"og:url\" content=\"https:\/\/byggemandblohm.dk\/index.php\/orangeri-den-perfekte-maade-at-forlaenge-sommeren-paa\/\" \/>\n<meta property=\"og:site_name\" content=\"Byggemand Blohm\" \/>\n<meta property=\"article:publisher\" content=\"https:\/\/www.facebook.com\/profile.php?id=61574004981826\" \/>\n<meta property=\"article:modified_time\" content=\"2026-03-12T07:59:36+00:00\" \/>\n<meta property=\"og:image\" content=\"https:\/\/byggemandblohm.dk\/wp-content\/uploads\/2026\/03\/IMG_0935.jpeg\" \/>\n\t<meta property=\"og:image:width\" content=\"2048\" \/>\n\t<meta property=\"og:image:height\" content=\"1536\" \/>\n\t<meta property=\"og:image:type\" content=\"image\/jpeg\" \/>\n<meta name=\"twitter:card\" content=\"summary_large_image\" \/>\n<meta name=\"twitter:label1\" content=\"Estimeret l\u00e6setid\" \/>\n\t<meta name=\"twitter:data1\" content=\"1 minut\" \/>\n<script type=\"application\/ld+json\" class=\"yoast-schema-graph\">{\"@context\":\"https:\\\/\\\/schema.org\",\"@graph\":[{\"@type\":\"WebPage\",\"@id\":\"https:\\\/\\\/byggemandblohm.dk\\\/index.php\\\/orangeri-den-perfekte-maade-at-forlaenge-sommeren-paa\\\/\",\"url\":\"https:\\\/\\\/byggemandblohm.dk\\\/index.php\\\/orangeri-den-perfekte-maade-at-forlaenge-sommeren-paa\\\/\",\"name\":\"Orangeri - den perfekte m\u00e5de at forl\u00e6nge sommeren p\u00e5 - Byggemand Blohm\",\"isPartOf\":{\"@id\":\"https:\\\/\\\/byggemandblohm.dk\\\/#website\"},\"primaryImageOfPage\":{\"@id\":\"https:\\\/\\\/byggemandblohm.dk\\\/index.php\\\/orangeri-den-perfekte-maade-at-forlaenge-sommeren-paa\\\/#primaryimage\"},\"image\":{\"@id\":\"https:\\\/\\\/byggemandblohm.dk\\\/index.php\\\/orangeri-den-perfekte-maade-at-forlaenge-sommeren-paa\\\/#primaryimage\"},\"thumbnailUrl\":\"https:\\\/\\\/byggemandblohm.dk\\\/wp-content\\\/uploads\\\/2026\\\/03\\\/IMG_0935-1024x768.jpeg\",\"datePublished\":\"2026-03-12T07:57:40+00:00\",\"dateModified\":\"2026-03-12T07:59:36+00:00\",\"description\":\"Har du brug for en handymand, der kan fixe det meste, s\u00e5 ring til mig. Ingen opgave er for lille og skal du have nyt tag, vinduer eller badev\u00e6relse, kan det ogs\u00e5 lade sig g\u00f8re. Tr\u00e6nger haven til en k\u00e6rlig h\u00e5nd eller skal tr\u00e6er og buske besk\u00e6res eller gr\u00e6sset sl\u00e5s, ringer du til mig.\",\"breadcrumb\":{\"@id\":\"https:\\\/\\\/byggemandblohm.dk\\\/index.php\\\/orangeri-den-perfekte-maade-at-forlaenge-sommeren-paa\\\/#breadcrumb\"},\"inLanguage\":\"da-DK\",\"potentialAction\":[{\"@type\":\"ReadAction\",\"target\":[\"https:\\\/\\\/byggemandblohm.dk\\\/index.php\\\/orangeri-den-perfekte-maade-at-forlaenge-sommeren-paa\\\/\"]}]},{\"@type\":\"ImageObject\",\"inLanguage\":\"da-DK\",\"@id\":\"https:\\\/\\\/byggemandblohm.dk\\\/index.php\\\/orangeri-den-perfekte-maade-at-forlaenge-sommeren-paa\\\/#primaryimage\",\"url\":\"https:\\\/\\\/byggemandblohm.dk\\\/wp-content\\\/uploads\\\/2026\\\/03\\\/IMG_0935.jpeg\",\"contentUrl\":\"https:\\\/\\\/byggemandblohm.dk\\\/wp-content\\\/uploads\\\/2026\\\/03\\\/IMG_0935.jpeg\",\"width\":2048,\"height\":1536},{\"@type\":\"BreadcrumbList\",\"@id\":\"https:\\\/\\\/byggemandblohm.dk\\\/index.php\\\/orangeri-den-perfekte-maade-at-forlaenge-sommeren-paa\\\/#breadcrumb\",\"itemListElement\":[{\"@type\":\"ListItem\",\"position\":1,\"name\":\"Hjem\",\"item\":\"https:\\\/\\\/byggemandblohm.dk\\\/\"},{\"@type\":\"ListItem\",\"position\":2,\"name\":\"Orangeri &#8211; den perfekte m\u00e5de at forl\u00e6nge sommeren p\u00e5\"}]},{\"@type\":\"WebSite\",\"@id\":\"https:\\\/\\\/byggemandblohm.dk\\\/#website\",\"url\":\"https:\\\/\\\/byggemandblohm.dk\\\/\",\"name\":\"Byggemand Blohm\",\"description\":\"Vi er hurtige, effektive og holder aftaler \u2013 ring allerede i dag p\u00e5 tlf. 2015 6124\",\"publisher\":{\"@id\":\"https:\\\/\\\/byggemandblohm.dk\\\/#organization\"},\"alternateName\":\"Handyman i Brabrand\",\"potentialAction\":[{\"@type\":\"SearchAction\",\"target\":{\"@type\":\"EntryPoint\",\"urlTemplate\":\"https:\\\/\\\/byggemandblohm.dk\\\/?s={search_term_string}\"},\"query-input\":{\"@type\":\"PropertyValueSpecification\",\"valueRequired\":true,\"valueName\":\"search_term_string\"}}],\"inLanguage\":\"da-DK\"},{\"@type\":\"Organization\",\"@id\":\"https:\\\/\\\/byggemandblohm.dk\\\/#organization\",\"name\":\"Byggemand Blohm\",\"alternateName\":\"Handyman i Brabrand\",\"url\":\"https:\\\/\\\/byggemandblohm.dk\\\/\",\"logo\":{\"@type\":\"ImageObject\",\"inLanguage\":\"da-DK\",\"@id\":\"https:\\\/\\\/byggemandblohm.dk\\\/#\\\/schema\\\/logo\\\/image\\\/\",\"url\":\"https:\\\/\\\/byggemandblohm.dk\\\/wp-content\\\/uploads\\\/2024\\\/12\\\/cropped-Logo-ver-10-short-1.png\",\"contentUrl\":\"https:\\\/\\\/byggemandblohm.dk\\\/wp-content\\\/uploads\\\/2024\\\/12\\\/cropped-Logo-ver-10-short-1.png\",\"width\":205,\"height\":205,\"caption\":\"Byggemand Blohm\"},\"image\":{\"@id\":\"https:\\\/\\\/byggemandblohm.dk\\\/#\\\/schema\\\/logo\\\/image\\\/\"},\"sameAs\":[\"https:\\\/\\\/www.facebook.com\\\/profile.php?id=61574004981826\"]}]}<\/script>\n<!-- \/ Yoast SEO plugin. -->","yoast_head_json":{"title":"Orangeri - den perfekte m\u00e5de at forl\u00e6nge sommeren p\u00e5 - Byggemand Blohm","description":"Har du brug for en handymand, der kan fixe det meste, s\u00e5 ring til mig. Ingen opgave er for lille og skal du have nyt tag, vinduer eller badev\u00e6relse, kan det ogs\u00e5 lade sig g\u00f8re. Tr\u00e6nger haven til en k\u00e6rlig h\u00e5nd eller skal tr\u00e6er og buske besk\u00e6res eller gr\u00e6sset sl\u00e5s, ringer du til mig.","robots":{"index":"index","follow":"follow","max-snippet":"max-snippet:-1","max-image-preview":"max-image-preview:large","max-video-preview":"max-video-preview:-1"},"canonical":"https:\/\/byggemandblohm.dk\/index.php\/orangeri-den-perfekte-maade-at-forlaenge-sommeren-paa\/","og_locale":"da_DK","og_type":"article","og_title":"Orangeri - den perfekte m\u00e5de at forl\u00e6nge sommeren p\u00e5 - Byggemand Blohm","og_description":"Har du brug for en handymand, der kan fixe det meste, s\u00e5 ring til mig. Ingen opgave er for lille og skal du have nyt tag, vinduer eller badev\u00e6relse, kan det ogs\u00e5 lade sig g\u00f8re. Tr\u00e6nger haven til en k\u00e6rlig h\u00e5nd eller skal tr\u00e6er og buske besk\u00e6res eller gr\u00e6sset sl\u00e5s, ringer du til mig.","og_url":"https:\/\/byggemandblohm.dk\/index.php\/orangeri-den-perfekte-maade-at-forlaenge-sommeren-paa\/","og_site_name":"Byggemand Blohm","article_publisher":"https:\/\/www.facebook.com\/profile.php?id=61574004981826","article_modified_time":"2026-03-12T07:59:36+00:00","og_image":[{"width":2048,"height":1536,"url":"https:\/\/byggemandblohm.dk\/wp-content\/uploads\/2026\/03\/IMG_0935.jpeg","type":"image\/jpeg"}],"twitter_card":"summary_large_image","twitter_misc":{"Estimeret l\u00e6setid":"1 minut"},"schema":{"@context":"https:\/\/schema.org","@graph":[{"@type":"WebPage","@id":"https:\/\/byggemandblohm.dk\/index.php\/orangeri-den-perfekte-maade-at-forlaenge-sommeren-paa\/","url":"https:\/\/byggemandblohm.dk\/index.php\/orangeri-den-perfekte-maade-at-forlaenge-sommeren-paa\/","name":"Orangeri - den perfekte m\u00e5de at forl\u00e6nge sommeren p\u00e5 - Byggemand Blohm","isPartOf":{"@id":"https:\/\/byggemandblohm.dk\/#website"},"primaryImageOfPage":{"@id":"https:\/\/byggemandblohm.dk\/index.php\/orangeri-den-perfekte-maade-at-forlaenge-sommeren-paa\/#primaryimage"},"image":{"@id":"https:\/\/byggemandblohm.dk\/index.php\/orangeri-den-perfekte-maade-at-forlaenge-sommeren-paa\/#primaryimage"},"thumbnailUrl":"https:\/\/byggemandblohm.dk\/wp-content\/uploads\/2026\/03\/IMG_0935-1024x768.jpeg","datePublished":"2026-03-12T07:57:40+00:00","dateModified":"2026-03-12T07:59:36+00:00","description":"Har du brug for en handymand, der kan fixe det meste, s\u00e5 ring til mig. Ingen opgave er for lille og skal du have nyt tag, vinduer eller badev\u00e6relse, kan det ogs\u00e5 lade sig g\u00f8re. Tr\u00e6nger haven til en k\u00e6rlig h\u00e5nd eller skal tr\u00e6er og buske besk\u00e6res eller gr\u00e6sset sl\u00e5s, ringer du til mig.","breadcrumb":{"@id":"https:\/\/byggemandblohm.dk\/index.php\/orangeri-den-perfekte-maade-at-forlaenge-sommeren-paa\/#breadcrumb"},"inLanguage":"da-DK","potentialAction":[{"@type":"ReadAction","target":["https:\/\/byggemandblohm.dk\/index.php\/orangeri-den-perfekte-maade-at-forlaenge-sommeren-paa\/"]}]},{"@type":"ImageObject","inLanguage":"da-DK","@id":"https:\/\/byggemandblohm.dk\/index.php\/orangeri-den-perfekte-maade-at-forlaenge-sommeren-paa\/#primaryimage","url":"https:\/\/byggemandblohm.dk\/wp-content\/uploads\/2026\/03\/IMG_0935.jpeg","contentUrl":"https:\/\/byggemandblohm.dk\/wp-content\/uploads\/2026\/03\/IMG_0935.jpeg","width":2048,"height":1536},{"@type":"BreadcrumbList","@id":"https:\/\/byggemandblohm.dk\/index.php\/orangeri-den-perfekte-maade-at-forlaenge-sommeren-paa\/#breadcrumb","itemListElement":[{"@type":"ListItem","position":1,"name":"Hjem","item":"https:\/\/byggemandblohm.dk\/"},{"@type":"ListItem","position":2,"name":"Orangeri &#8211; den perfekte m\u00e5de at forl\u00e6nge sommeren p\u00e5"}]},{"@type":"WebSite","@id":"https:\/\/byggemandblohm.dk\/#website","url":"https:\/\/byggemandblohm.dk\/","name":"Byggemand Blohm","description":"Vi er hurtige, effektive og holder aftaler \u2013 ring allerede i dag p\u00e5 tlf. 2015 6124","publisher":{"@id":"https:\/\/byggemandblohm.dk\/#organization"},"alternateName":"Handyman i Brabrand","potentialAction":[{"@type":"SearchAction","target":{"@type":"EntryPoint","urlTemplate":"https:\/\/byggemandblohm.dk\/?s={search_term_string}"},"query-input":{"@type":"PropertyValueSpecification","valueRequired":true,"valueName":"search_term_string"}}],"inLanguage":"da-DK"},{"@type":"Organization","@id":"https:\/\/byggemandblohm.dk\/#organization","name":"Byggemand Blohm","alternateName":"Handyman i Brabrand","url":"https:\/\/byggemandblohm.dk\/","logo":{"@type":"ImageObject","inLanguage":"da-DK","@id":"https:\/\/byggemandblohm.dk\/#\/schema\/logo\/image\/","url":"https:\/\/byggemandblohm.dk\/wp-content\/uploads\/2024\/12\/cropped-Logo-ver-10-short-1.png","contentUrl":"https:\/\/byggemandblohm.dk\/wp-content\/uploads\/2024\/12\/cropped-Logo-ver-10-short-1.png","width":205,"height":205,"caption":"Byggemand Blohm"},"image":{"@id":"https:\/\/byggemandblohm.dk\/#\/schema\/logo\/image\/"},"sameAs":["https:\/\/www.facebook.com\/profile.php?id=61574004981826"]}]}},"_links":{"self":[{"href":"https:\/\/byggemandblohm.dk\/index.php\/wp-json\/wp\/v2\/pages\/553","targetHints":{"allow":["GET"]}}],"collection":[{"href":"https:\/\/byggemandblohm.dk\/index.php\/wp-json\/wp\/v2\/pages"}],"about":[{"href":"https:\/\/byggemandblohm.dk\/index.php\/wp-json\/wp\/v2\/types\/page"}],"author":[{"embeddable":true,"href":"https:\/\/byggemandblohm.dk\/index.php\/wp-json\/wp\/v2\/users\/1"}],"replies":[{"embeddable":true,"href":"https:\/\/byggemandblohm.dk\/index.php\/wp-json\/wp\/v2\/comments?post=553"}],"version-history":[{"count":3,"href":"https:\/\/byggemandblohm.dk\/index.php\/wp-json\/wp\/v2\/pages\/553\/revisions"}],"predecessor-version":[{"id":560,"href":"https:\/\/byggemandblohm.dk\/index.php\/wp-json\/wp\/v2\/pages\/553\/revisions\/560"}],"wp:attachment":[{"href":"https:\/\/byggemandblohm.dk\/index.php\/wp-json\/wp\/v2\/media?parent=553"}],"curies":[{"name":"wp","href":"https:\/\/api.w.org\/{rel}","templated":true}]}}